{"id":8,"date":"2014-04-21T20:00:55","date_gmt":"2014-04-21T20:00:55","guid":{"rendered":"http:\/\/www.ionturismo.com.br\/novo_site\/?page_id=8"},"modified":"2020-08-31T18:46:10","modified_gmt":"2020-08-31T21:46:10","slug":"a-ion-turismo","status":"publish","type":"page","link":"https:\/\/www.ionturismo.com.br\/novo_site\/a-ion-turismo\/","title":{"rendered":"A ION Turismo"},"content":{"rendered":"<p>A\u00a0<strong>ION Turismo<\/strong> est\u00e1 sediada em Curitiba e possui al\u00e9m dos roteiros tradicionais, destinos alternativos e poucos explorados pelo trade tur\u00edstico, oferecendo a voc\u00ea e seu grupo poder conhecerem por completo o que o Paran\u00e1 e os estados vizinhos tem de melhor.<\/p>\n<p>Com o intuito de proporcionar <strong>lazer e cultura<\/strong> a voc\u00ea viajante, a ION Turismo tem experi\u00eancia na execu\u00e7\u00e3o de viagens para grupos de amigos, escolares e associa\u00e7\u00f5es, empresas, igrejas; nas quais promove diversos atrativos tur\u00edsticos, entre eles c\u00e2nions, cachoeiras, praias, ilhas, monumentos hist\u00f3ricos, paisagens rurais, pratos t\u00edpicos e artesanato.<\/p>\n<p>Alguns roteiros permitem contemplar e vivenciar situa\u00e7\u00f5es simples, mas valiosas, como provar comidas feitas em fog\u00e3o \u00e0 lenha, comer pinh\u00e3o sapecado na fogueira, tomar banho de rio e cachoeira, ver o p\u00f4r do sol junto \u00e0 natureza, apreciar o c\u00e9u estrelado no campo, adquirir produtos coloniais, \u00a0artesanatos regionais e interagir com comunidade local e com os colegas de viagem. Situa\u00e7\u00f5es essas que proporcionam um<strong> turismo de experi\u00eancia <\/strong>e \u00e0s vezes, fazem lembrar os bons momentos de inf\u00e2ncia e at\u00e9 a casa dos av\u00f4s.<\/p>\n<p><a href=\"http:\/\/www.ionturismo.com.br\/novo_site\/wp-content\/uploads\/2014\/04\/ionturismo_institucional1.jpg\"><img loading=\"lazy\" decoding=\"async\" class=\"alignnone size-full wp-image-142\" src=\"http:\/\/www.ionturismo.com.br\/novo_site\/wp-content\/uploads\/2014\/04\/ionturismo_institucional1.jpg\" alt=\"ionturismo_institucional\" width=\"624\" height=\"219\" srcset=\"https:\/\/www.ionturismo.com.br\/novo_site\/wp-content\/uploads\/2014\/04\/ionturismo_institucional1.jpg 624w, https:\/\/www.ionturismo.com.br\/novo_site\/wp-content\/uploads\/2014\/04\/ionturismo_institucional1-300x105.jpg 300w\" sizes=\"auto, (max-width: 624px) 100vw, 624px\" \/><\/a><\/p>\n<p>Faz \u00a0toda elabora\u00e7\u00e3o log\u00edstica e operacionaliza\u00e7\u00e3o do roteiro desejado como: hospedagem, transporte \u00a0e restaurantes. Oferece servi\u00e7os de guia de turismo, tanto no Paran\u00e1 como para descolamento a outros estados.<\/p>\n<p>O diferencial \u00e9 oferecer<strong> roteiros de curta dura\u00e7\u00e3o<\/strong> que buscam mesclar em um mesmo passeio op\u00e7\u00f5es de ecoturismo, hist\u00f3ria, cultura e gastronomia. Como ponto forte, pode-se destacar o planejamento dos roteiros elaborados por um turism\u00f3logo, visando sempre um turismo sustent\u00e1vel, de integra\u00e7\u00e3o com a natureza e com a comunidade visitada.<\/p>\n<p>Para que voc\u00ea possa aproveitar ao m\u00e1ximo o passeio, a ION Turismo<strong> otimiza seu tempo<\/strong> dispon\u00edvel, prezando pela seguran\u00e7a, qualidade no atendimento e presta\u00e7\u00e3o de servi\u00e7os, sempre dentro das normas regulamentadas pelos \u00f3rg\u00e3os competentes, estando credenciado junto ao CADASTUR do Minist\u00e9rio do Turismo.<\/p>\n<p><strong>Surpreenda-se<\/strong> com a hospitalidade do povo paranaense e seus in\u00fameros roteiros a serem explorados.<\/p>\n<p><span style=\"color: #a31416;\"><strong>Viaje! Conhe\u00e7a as hist\u00f3rias e as belezas do Paran\u00e1 e regi\u00e3o com a ION Turismo.<\/strong><\/span><\/p>\n<div class=\"clear\"><\/div>\n<div class=\"gdl-divider gdl-border-x top\">\n<div class=\"scroll-top\"><\/div>\n<\/div>\n<blockquote class=\"center\">\n<p>ION, do grego <i>I\u00f3n,<\/i> significa <i>\u201co que vai\u201d, \u201co que caminha\u201d.<\/i><\/p>\n<p>Os \u00edons s\u00e3o esp\u00e9cies qu\u00edmicas carregadas eletricamente positivas ou negativas e geralmente est\u00e3o em constante movimento.<\/p>\n<p>Com base nisso, tra\u00e7amos um paralelo com o turismo, onde o deslocamento dos viajantes gera fluxo tur\u00edstico em diversas partes do mundo, formando um movimento de vai e vem, assim como os \u00e1tomos. Viajar \u00e9 ter infinitas possibilidades de experi\u00eancias atrav\u00e9s de in\u00fameros caminhos a serem explorados.<\/p>\n<\/blockquote>\n<p><span style=\"line-height: 1.5em;\"><\/p>\n<ul class='gdl-accordion'><\/span><\/p>\n<li class=\"active\">\n<h2 class='accordion-title'><span class='accordion-icon'><\/span>MISS\u00c3O<\/h2>\n<div class='accordion-content'>\n<p>Promover\u00a0roteiros e passeios para grupos com qualidade e\u00a0custo benef\u00edcio, visando sempre \u00e0 seguran\u00e7a e conforto,\u00a0agregando ao turista conhecimento\u00a0do local visitado e experi\u00eancia\u00a0de intera\u00e7\u00e3o em suas viagens.<\/p>\n<\/div>\n<\/li>\n<li >\n<h2 class='accordion-title'><span class='accordion-icon'><\/span>VIS\u00c3O<\/h2>\n<div class='accordion-content'>\n<p>Ser refer\u00eancia no turismo de grupos no Paran\u00e1 em roteiros de curta dura\u00e7\u00e3o.<\/p>\n<\/div>\n<\/li>\n<li >\n<h2 class='accordion-title'><span class='accordion-icon'><\/span>VALORES<\/h2>\n<div class='accordion-content'>\n<p><i class=\"gdl-icon-shortcode icon-eye-open\" style=\"color:#222;font-size:12px;\"><\/i>Qualidade<\/p>\n<p><i class=\"gdl-icon-shortcode icon-thumbs-up\" style=\"color:#222;font-size:12px;\"><\/i>Confiabilidade<\/p>\n<p><i class=\"gdl-icon-shortcode icon-exchange\" style=\"color:#222;font-size:12px;\"><\/i>Compromisso e Responsabilidade<\/p>\n<p><i class=\"gdl-icon-shortcode icon-user\" style=\"color:#222;font-size:12px;\"><\/i>\u00c9tica<\/p>\n<p>&nbsp;<\/p>\n<\/div>\n<\/li>\n<\/ul>\n","protected":false},"excerpt":{"rendered":"<p>A\u00a0ION Turismo est\u00e1 sediada em Curitiba e possui al\u00e9m dos roteiros tradicionais, destinos alternativos e poucos explorados pelo trade tur\u00edstico, oferecendo a voc\u00ea e seu grupo poder conhecerem por completo o que o Paran\u00e1 e os estados vizinhos tem de melhor. Com o intuito de proporcionar lazer e cultura a voc\u00ea viajante, a ION Turismo tem experi\u00eancia na execu\u00e7\u00e3o de viagens para grupos de amigos, escolares e associa\u00e7\u00f5es, empresas, igrejas; nas quais promove diversos atrativos tur\u00edsticos, entre eles c\u00e2nions, cachoeiras, praias, ilhas, monumentos hist\u00f3ricos, paisagens rurais, pratos t\u00edpicos e artesanato. Alguns roteiros permitem contemplar e vivenciar situa\u00e7\u00f5es simples, mas valiosas, como provar comidas feitas em fog\u00e3o \u00e0 lenha, comer pinh\u00e3o sapecado na fogueira, tomar banho de rio e cachoeira, ver o p\u00f4r do sol junto \u00e0 natureza, apreciar o c\u00e9u estrelado no campo, adquirir produtos coloniais, \u00a0artesanatos regionais e interagir com comunidade local e com os colegas de viagem. Situa\u00e7\u00f5es essas que proporcionam um turismo de experi\u00eancia e \u00e0s vezes, fazem lembrar os bons momentos de inf\u00e2ncia e at\u00e9 a casa dos av\u00f4s. Faz \u00a0toda elabora\u00e7\u00e3o log\u00edstica e operacionaliza\u00e7\u00e3o do roteiro desejado como: hospedagem, transporte \u00a0e restaurantes. Oferece servi\u00e7os de guia de turismo, tanto no Paran\u00e1 como para descolamento a outros estados. O diferencial \u00e9 oferecer roteiros de curta dura\u00e7\u00e3o que buscam mesclar em um mesmo passeio op\u00e7\u00f5es de ecoturismo, hist\u00f3ria, cultura e gastronomia. Como ponto forte, pode-se destacar o planejamento dos roteiros elaborados por um turism\u00f3logo, visando sempre um turismo sustent\u00e1vel, de integra\u00e7\u00e3o com a natureza e com a comunidade visitada. Para que voc\u00ea possa aproveitar ao m\u00e1ximo o passeio, a ION Turismo otimiza seu tempo dispon\u00edvel, prezando pela seguran\u00e7a, qualidade no atendimento e presta\u00e7\u00e3o de servi\u00e7os, sempre dentro das normas regulamentadas pelos \u00f3rg\u00e3os competentes, estando credenciado junto ao CADASTUR do Minist\u00e9rio do Turismo. Surpreenda-se com a hospitalidade do povo paranaense e seus in\u00fameros roteiros a serem explorados. Viaje! Conhe\u00e7a as hist\u00f3rias e as belezas do Paran\u00e1 e regi\u00e3o com a ION Turismo.<\/p>\n","protected":false},"author":1,"featured_media":0,"parent":0,"menu_order":0,"comment_status":"open","ping_status":"open","template":"","meta":{"ngg_post_thumbnail":0,"footnotes":""},"class_list":["post-8","page","type-page","status-publish","hentry"],"yoast_head":"<!-- This site is optimized with the Yoast SEO plugin v27.2 - https:\/\/yoast.com\/product\/yoast-seo-wordpress\/ -->\n<title>ION Turismo<\/title>\n<meta name=\"description\" content=\"paran\u00e1, receptivo, viagem, passeio, Curitiba, um dia, roteiros ecol\u00f3gicos, turismo, rural, city tour, curta dura\u00e7\u00e3o, ag\u00eancia turismo, ag\u00eancia, ion turismo\" \/>\n<meta name=\"robots\" content=\"index, follow, max-snippet:-1, max-image-preview:large, max-video-preview:-1\" \/>\n<link rel=\"canonical\" href=\"https:\/\/www.ionturismo.com.br\/novo_site\/a-ion-turismo\/\" \/>\n<meta property=\"og:locale\" content=\"pt_BR\" \/>\n<meta property=\"og:type\" content=\"article\" \/>\n<meta property=\"og:title\" content=\"ION Turismo\" \/>\n<meta property=\"og:description\" content=\"paran\u00e1, receptivo, viagem, passeio, Curitiba, um dia, roteiros ecol\u00f3gicos, turismo, rural, city tour, curta dura\u00e7\u00e3o, ag\u00eancia turismo, ag\u00eancia, ion turismo\" \/>\n<meta property=\"og:url\" content=\"https:\/\/www.ionturismo.com.br\/novo_site\/a-ion-turismo\/\" \/>\n<meta property=\"og:site_name\" content=\"ION Turismo\" \/>\n<meta property=\"article:modified_time\" content=\"2020-08-31T21:46:10+00:00\" \/>\n<meta property=\"og:image\" content=\"http:\/\/www.ionturismo.com.br\/novo_site\/wp-content\/uploads\/2014\/04\/ionturismo_institucional1.jpg\" \/>\n<meta name=\"twitter:label1\" content=\"Est. tempo de leitura\" \/>\n\t<meta name=\"twitter:data1\" content=\"3 minutos\" \/>\n<script type=\"application\/ld+json\" class=\"yoast-schema-graph\">{\"@context\":\"https:\/\/schema.org\",\"@graph\":[{\"@type\":\"WebPage\",\"@id\":\"https:\/\/www.ionturismo.com.br\/novo_site\/a-ion-turismo\/\",\"url\":\"https:\/\/www.ionturismo.com.br\/novo_site\/a-ion-turismo\/\",\"name\":\"ION Turismo\",\"isPartOf\":{\"@id\":\"https:\/\/www.ionturismo.com.br\/novo_site\/#website\"},\"primaryImageOfPage\":{\"@id\":\"https:\/\/www.ionturismo.com.br\/novo_site\/a-ion-turismo\/#primaryimage\"},\"image\":{\"@id\":\"https:\/\/www.ionturismo.com.br\/novo_site\/a-ion-turismo\/#primaryimage\"},\"thumbnailUrl\":\"http:\/\/www.ionturismo.com.br\/novo_site\/wp-content\/uploads\/2014\/04\/ionturismo_institucional1.jpg\",\"datePublished\":\"2014-04-21T20:00:55+00:00\",\"dateModified\":\"2020-08-31T21:46:10+00:00\",\"description\":\"paran\u00e1, receptivo, viagem, passeio, Curitiba, um dia, roteiros ecol\u00f3gicos, turismo, rural, city tour, curta dura\u00e7\u00e3o, ag\u00eancia turismo, ag\u00eancia, ion turismo\",\"breadcrumb\":{\"@id\":\"https:\/\/www.ionturismo.com.br\/novo_site\/a-ion-turismo\/#breadcrumb\"},\"inLanguage\":\"pt-BR\",\"potentialAction\":[{\"@type\":\"ReadAction\",\"target\":[\"https:\/\/www.ionturismo.com.br\/novo_site\/a-ion-turismo\/\"]}]},{\"@type\":\"ImageObject\",\"inLanguage\":\"pt-BR\",\"@id\":\"https:\/\/www.ionturismo.com.br\/novo_site\/a-ion-turismo\/#primaryimage\",\"url\":\"http:\/\/www.ionturismo.com.br\/novo_site\/wp-content\/uploads\/2014\/04\/ionturismo_institucional1.jpg\",\"contentUrl\":\"http:\/\/www.ionturismo.com.br\/novo_site\/wp-content\/uploads\/2014\/04\/ionturismo_institucional1.jpg\"},{\"@type\":\"BreadcrumbList\",\"@id\":\"https:\/\/www.ionturismo.com.br\/novo_site\/a-ion-turismo\/#breadcrumb\",\"itemListElement\":[{\"@type\":\"ListItem\",\"position\":1,\"name\":\"In\u00edcio\",\"item\":\"https:\/\/www.ionturismo.com.br\/novo_site\/\"},{\"@type\":\"ListItem\",\"position\":2,\"name\":\"A ION Turismo\"}]},{\"@type\":\"WebSite\",\"@id\":\"https:\/\/www.ionturismo.com.br\/novo_site\/#website\",\"url\":\"https:\/\/www.ionturismo.com.br\/novo_site\/\",\"name\":\"ION Turismo\",\"description\":\"O que o Paran\u00e1 e Regi\u00e3o tem de Melhor.\",\"potentialAction\":[{\"@type\":\"SearchAction\",\"target\":{\"@type\":\"EntryPoint\",\"urlTemplate\":\"https:\/\/www.ionturismo.com.br\/novo_site\/?s={search_term_string}\"},\"query-input\":{\"@type\":\"PropertyValueSpecification\",\"valueRequired\":true,\"valueName\":\"search_term_string\"}}],\"inLanguage\":\"pt-BR\"}]}<\/script>\n<!-- \/ Yoast SEO plugin. -->","yoast_head_json":{"title":"ION Turismo","description":"paran\u00e1, receptivo, viagem, passeio, Curitiba, um dia, roteiros ecol\u00f3gicos, turismo, rural, city tour, curta dura\u00e7\u00e3o, ag\u00eancia turismo, ag\u00eancia, ion turismo","robots":{"index":"index","follow":"follow","max-snippet":"max-snippet:-1","max-image-preview":"max-image-preview:large","max-video-preview":"max-video-preview:-1"},"canonical":"https:\/\/www.ionturismo.com.br\/novo_site\/a-ion-turismo\/","og_locale":"pt_BR","og_type":"article","og_title":"ION Turismo","og_description":"paran\u00e1, receptivo, viagem, passeio, Curitiba, um dia, roteiros ecol\u00f3gicos, turismo, rural, city tour, curta dura\u00e7\u00e3o, ag\u00eancia turismo, ag\u00eancia, ion turismo","og_url":"https:\/\/www.ionturismo.com.br\/novo_site\/a-ion-turismo\/","og_site_name":"ION Turismo","article_modified_time":"2020-08-31T21:46:10+00:00","og_image":[{"url":"http:\/\/www.ionturismo.com.br\/novo_site\/wp-content\/uploads\/2014\/04\/ionturismo_institucional1.jpg","type":"","width":"","height":""}],"twitter_misc":{"Est. tempo de leitura":"3 minutos"},"schema":{"@context":"https:\/\/schema.org","@graph":[{"@type":"WebPage","@id":"https:\/\/www.ionturismo.com.br\/novo_site\/a-ion-turismo\/","url":"https:\/\/www.ionturismo.com.br\/novo_site\/a-ion-turismo\/","name":"ION Turismo","isPartOf":{"@id":"https:\/\/www.ionturismo.com.br\/novo_site\/#website"},"primaryImageOfPage":{"@id":"https:\/\/www.ionturismo.com.br\/novo_site\/a-ion-turismo\/#primaryimage"},"image":{"@id":"https:\/\/www.ionturismo.com.br\/novo_site\/a-ion-turismo\/#primaryimage"},"thumbnailUrl":"http:\/\/www.ionturismo.com.br\/novo_site\/wp-content\/uploads\/2014\/04\/ionturismo_institucional1.jpg","datePublished":"2014-04-21T20:00:55+00:00","dateModified":"2020-08-31T21:46:10+00:00","description":"paran\u00e1, receptivo, viagem, passeio, Curitiba, um dia, roteiros ecol\u00f3gicos, turismo, rural, city tour, curta dura\u00e7\u00e3o, ag\u00eancia turismo, ag\u00eancia, ion turismo","breadcrumb":{"@id":"https:\/\/www.ionturismo.com.br\/novo_site\/a-ion-turismo\/#breadcrumb"},"inLanguage":"pt-BR","potentialAction":[{"@type":"ReadAction","target":["https:\/\/www.ionturismo.com.br\/novo_site\/a-ion-turismo\/"]}]},{"@type":"ImageObject","inLanguage":"pt-BR","@id":"https:\/\/www.ionturismo.com.br\/novo_site\/a-ion-turismo\/#primaryimage","url":"http:\/\/www.ionturismo.com.br\/novo_site\/wp-content\/uploads\/2014\/04\/ionturismo_institucional1.jpg","contentUrl":"http:\/\/www.ionturismo.com.br\/novo_site\/wp-content\/uploads\/2014\/04\/ionturismo_institucional1.jpg"},{"@type":"BreadcrumbList","@id":"https:\/\/www.ionturismo.com.br\/novo_site\/a-ion-turismo\/#breadcrumb","itemListElement":[{"@type":"ListItem","position":1,"name":"In\u00edcio","item":"https:\/\/www.ionturismo.com.br\/novo_site\/"},{"@type":"ListItem","position":2,"name":"A ION Turismo"}]},{"@type":"WebSite","@id":"https:\/\/www.ionturismo.com.br\/novo_site\/#website","url":"https:\/\/www.ionturismo.com.br\/novo_site\/","name":"ION Turismo","description":"O que o Paran\u00e1 e Regi\u00e3o tem de Melhor.","potentialAction":[{"@type":"SearchAction","target":{"@type":"EntryPoint","urlTemplate":"https:\/\/www.ionturismo.com.br\/novo_site\/?s={search_term_string}"},"query-input":{"@type":"PropertyValueSpecification","valueRequired":true,"valueName":"search_term_string"}}],"inLanguage":"pt-BR"}]}},"_links":{"self":[{"href":"https:\/\/www.ionturismo.com.br\/novo_site\/wp-json\/wp\/v2\/pages\/8","targetHints":{"allow":["GET"]}}],"collection":[{"href":"https:\/\/www.ionturismo.com.br\/novo_site\/wp-json\/wp\/v2\/pages"}],"about":[{"href":"https:\/\/www.ionturismo.com.br\/novo_site\/wp-json\/wp\/v2\/types\/page"}],"author":[{"embeddable":true,"href":"https:\/\/www.ionturismo.com.br\/novo_site\/wp-json\/wp\/v2\/users\/1"}],"replies":[{"embeddable":true,"href":"https:\/\/www.ionturismo.com.br\/novo_site\/wp-json\/wp\/v2\/comments?post=8"}],"version-history":[{"count":51,"href":"https:\/\/www.ionturismo.com.br\/novo_site\/wp-json\/wp\/v2\/pages\/8\/revisions"}],"predecessor-version":[{"id":1030,"href":"https:\/\/www.ionturismo.com.br\/novo_site\/wp-json\/wp\/v2\/pages\/8\/revisions\/1030"}],"wp:attachment":[{"href":"https:\/\/www.ionturismo.com.br\/novo_site\/wp-json\/wp\/v2\/media?parent=8"}],"curies":[{"name":"wp","href":"https:\/\/api.w.org\/{rel}","templated":true}]}}