{"id":771,"date":"2011-02-12T21:42:32","date_gmt":"2011-02-13T00:42:32","guid":{"rendered":"http:\/\/www.ionturismo.com.br\/novo_site\/?post_type=product&#038;p=771"},"modified":"2017-11-24T20:52:02","modified_gmt":"2017-11-24T23:52:02","slug":"senges","status":"publish","type":"product","link":"https:\/\/www.ionturismo.com.br\/novo_site\/produto\/senges\/","title":{"rendered":"Seng\u00e9s\/PR"},"content":{"rendered":"<p style=\"text-align: center;\"><strong><span style=\"color: #a31416;\">SENG\u00c9S\/VALE DO ITARAR\u00c9<\/span><\/strong><\/p>\n<p>\u00a0 \u00a0 \u00a0 \u00a0 Cidade hist\u00f3rica que fez parte da Rota dos Tropeiros, Seng\u00e9s possui belas paisagens e um relevo privilegiado com canyon, vales e muitas cachoeiras.<br \/>\nO nosso roteiro ir\u00e1 contemplar no primeiro dia a Trilha das Sete Quedas e conheceremos as Cachoeira do Postinho, do Veadinho, Bugres e\u00a0 Lagead\u00e3o. Em algumas ser\u00e1 poss\u00edvel banhar-se.\u00a0Ap\u00f3s a trilha, iremos nos servir de um leg\u00edtimo \u2018Caf\u00e9 Caipira\u2019 na casa acolhedora da D. Augusta (opcional).<br \/>\nNo \u00faltimo dia, conheceremos o Canyon Jaguaricatu, a Cachoeira do Sobradinho e Cachoeira da Erva Doce.<br \/>\nAp\u00f3s almo\u00e7o, retorno para Curitiba.<\/p>\n<p><em>*a Cachoeira do Corisco n\u00e3o est\u00e1 dispon\u00edvel para visita\u00e7\u00e3o. Acessos aos atrativos dependem de condi\u00e7\u00f5es clim\u00e1ticas.<\/em><\/p>\n<p>&nbsp;<\/p>\n<p><strong style=\"line-height: 1.5em;\"><span style=\"color: #a31416;\">N\u00cdVEL DIFICULDADE:<\/span><\/strong><span style=\"line-height: 1.5em;\"> De f\u00e1cil a moderado<\/span><\/p>\n<p><strong style=\"line-height: 1.5em;\"><span style=\"color: #a31416;\">INCLUI:<\/span><\/strong><br \/>\n&#8211; Transporte em van<br \/>\n&#8211; 02 pernoites em hotel com caf\u00e9 da manh\u00e3 (quartos duplos e triplos)<br \/>\n&#8211; Guia de turismo Credenciado no Minist\u00e9rio do Turismo<br \/>\n&#8211; Condutor de trilha<br \/>\n&#8211; 01 Kit Lanche<br \/>\n&#8211; Sorteio de Brindes<br \/>\n&#8211; Seguro Viagem.<\/p>\n<p><strong><span style=\"color: #a31416;\">N\u00c3O INCLUI:<\/span><\/strong><br \/>\nCaf\u00e9 da tarde na D. Augusta (opcional), almo\u00e7o, jantar,bebidas, gastos de car\u00e1ter pessoal e o que n\u00e3o estiver descrito no pacote.<\/p>\n<p><strong><span style=\"color: #a31416;\">INFORMA\u00c7\u00d5ES e RESERVAS<\/span><\/strong><br \/>\ncontato@ionturismo.com.br<\/p>\n<p><span style=\"line-height: 1.5em;\"><\/p>\n<div class=\"gdl-gallery-image shortcode\"><a data-rel=\"fancybox\" data-fancybox-group=\"gal0\" href=\"https:\/\/www.ionturismo.com.br\/novo_site\/wp-content\/uploads\/2015\/02\/postinho.jpg\"  title=\"\"><img decoding=\"async\" class=\"gdl-gallery-image\" src=\"https:\/\/www.ionturismo.com.br\/novo_site\/wp-content\/uploads\/2015\/02\/postinho-150x150.jpg\" alt=\"\" \/><\/a><\/div>\n<div class=\"gdl-gallery-image shortcode\"><a data-rel=\"fancybox\" data-fancybox-group=\"gal0\" href=\"https:\/\/www.ionturismo.com.br\/novo_site\/wp-content\/uploads\/2015\/02\/erva-doce.jpg\"  title=\"\"><img decoding=\"async\" class=\"gdl-gallery-image\" src=\"https:\/\/www.ionturismo.com.br\/novo_site\/wp-content\/uploads\/2015\/02\/erva-doce-150x150.jpg\" alt=\"\" \/><\/a><\/div>\n<div class=\"gdl-gallery-image shortcode\"><a data-rel=\"fancybox\" data-fancybox-group=\"gal0\" href=\"https:\/\/www.ionturismo.com.br\/novo_site\/wp-content\/uploads\/2015\/02\/cachoeira-do-postinho.jpg\"  title=\"\"><img decoding=\"async\" class=\"gdl-gallery-image\" src=\"https:\/\/www.ionturismo.com.br\/novo_site\/wp-content\/uploads\/2015\/02\/cachoeira-do-postinho-150x150.jpg\" alt=\"\" \/><\/a><\/div>\n<div class=\"gdl-gallery-image shortcode\"><a data-rel=\"fancybox\" data-fancybox-group=\"gal0\" href=\"https:\/\/www.ionturismo.com.br\/novo_site\/wp-content\/uploads\/2015\/02\/9_800x600.jpg\"  title=\"\"><img decoding=\"async\" class=\"gdl-gallery-image\" src=\"https:\/\/www.ionturismo.com.br\/novo_site\/wp-content\/uploads\/2015\/02\/9_800x600-150x150.jpg\" alt=\"\" \/><\/a><\/div>\n<div class=\"gdl-gallery-image shortcode\"><a data-rel=\"fancybox\" data-fancybox-group=\"gal0\" href=\"https:\/\/www.ionturismo.com.br\/novo_site\/wp-content\/uploads\/2015\/02\/7-cachoeiras.jpg\"  title=\"\"><img decoding=\"async\" class=\"gdl-gallery-image\" src=\"https:\/\/www.ionturismo.com.br\/novo_site\/wp-content\/uploads\/2015\/02\/7-cachoeiras-150x150.jpg\" alt=\"\" \/><\/a><\/div>\n<div class=\"clear\"><\/div>\n<p><\/span><\/p>\n<p style=\"text-align: center;\"><em>&#8220;Turismo Legal\u201d \u2013 CADASTUR: 18.051733.10.0001 \u2013 ION Turismo Ltda.<\/em><\/p>\n","protected":false},"excerpt":{"rendered":"<p>SENG\u00c9S\/VALE DO ITARAR\u00c9 \u00a0 \u00a0 \u00a0 \u00a0 Cidade hist\u00f3rica que fez parte da Rota dos Tropeiros, Seng\u00e9s possui belas paisagens e um relevo privilegiado com canyon, vales e muitas cachoeiras. O nosso roteiro ir\u00e1 contemplar no primeiro dia a Trilha das Sete Quedas e conheceremos as Cachoeira do Postinho, do Veadinho, Bugres e\u00a0 Lagead\u00e3o. Em algumas ser\u00e1 poss\u00edvel banhar-se.\u00a0Ap\u00f3s a trilha, iremos nos servir de um leg\u00edtimo \u2018Caf\u00e9 Caipira\u2019 na casa acolhedora da D. Augusta (opcional). No \u00faltimo dia, conheceremos o Canyon Jaguaricatu, a Cachoeira do Sobradinho e Cachoeira da Erva Doce. Ap\u00f3s almo\u00e7o, retorno para Curitiba. *a Cachoeira do Corisco n\u00e3o est\u00e1 dispon\u00edvel para visita\u00e7\u00e3o. Acessos aos atrativos dependem de condi\u00e7\u00f5es clim\u00e1ticas. &nbsp; N\u00cdVEL DIFICULDADE: De f\u00e1cil a moderado INCLUI: &#8211; Transporte em van &#8211; 02 pernoites em hotel com caf\u00e9 da manh\u00e3 (quartos duplos e triplos) &#8211; Guia de turismo Credenciado no Minist\u00e9rio do Turismo &#8211; Condutor de trilha &#8211; 01 Kit Lanche &#8211; Sorteio de Brindes &#8211; Seguro Viagem. N\u00c3O INCLUI: Caf\u00e9 da tarde na D. Augusta (opcional), almo\u00e7o, jantar,bebidas, gastos de car\u00e1ter pessoal e o que n\u00e3o estiver descrito no pacote. INFORMA\u00c7\u00d5ES e RESERVAS contato@ionturismo.com.br &#8220;Turismo Legal\u201d \u2013 CADASTUR: 18.051733.10.0001 \u2013 ION Turismo Ltda.<\/p>\n","protected":false},"featured_media":776,"comment_status":"open","ping_status":"closed","template":"","meta":{"ngg_post_thumbnail":0},"product_brand":[],"product_cat":[66],"product_tag":[],"class_list":{"0":"post-771","1":"product","2":"type-product","3":"status-publish","4":"has-post-thumbnail","6":"product_cat-sem-categoria","8":"first","9":"instock","10":"product-type-simple"},"yoast_head":"<!-- This site is optimized with the Yoast SEO plugin v27.2 - https:\/\/yoast.com\/product\/yoast-seo-wordpress\/ -->\n<title>Seng\u00e9s\/PR - ION Turismo<\/title>\n<meta name=\"description\" content=\"seng\u00e9s, cachoeiras, vales, canyon, turismo, feriad\u00e3o, corisco, postinho, itarar\u00e9, sete quedas\" \/>\n<meta name=\"robots\" content=\"index, follow, max-snippet:-1, max-image-preview:large, max-video-preview:-1\" \/>\n<link rel=\"canonical\" href=\"https:\/\/www.ionturismo.com.br\/novo_site\/produto\/senges\/\" \/>\n<meta property=\"og:locale\" content=\"pt_BR\" \/>\n<meta property=\"og:type\" content=\"article\" \/>\n<meta property=\"og:title\" content=\"Seng\u00e9s\/PR - ION Turismo\" \/>\n<meta property=\"og:description\" content=\"seng\u00e9s, cachoeiras, vales, canyon, turismo, feriad\u00e3o, corisco, postinho, itarar\u00e9, sete quedas\" \/>\n<meta property=\"og:url\" content=\"https:\/\/www.ionturismo.com.br\/novo_site\/produto\/senges\/\" \/>\n<meta property=\"og:site_name\" content=\"ION Turismo\" \/>\n<meta property=\"article:modified_time\" content=\"2017-11-24T23:52:02+00:00\" \/>\n<meta property=\"og:image\" content=\"https:\/\/www.ionturismo.com.br\/novo_site\/wp-content\/uploads\/2015\/02\/cachoeira-do-postinho.jpg\" \/>\n\t<meta property=\"og:image:width\" content=\"1600\" \/>\n\t<meta property=\"og:image:height\" content=\"1200\" \/>\n\t<meta property=\"og:image:type\" content=\"image\/jpeg\" \/>\n<meta name=\"twitter:label1\" content=\"Est. tempo de leitura\" \/>\n\t<meta name=\"twitter:data1\" content=\"1 minuto\" \/>\n<script type=\"application\/ld+json\" class=\"yoast-schema-graph\">{\"@context\":\"https:\/\/schema.org\",\"@graph\":[{\"@type\":\"WebPage\",\"@id\":\"https:\/\/www.ionturismo.com.br\/novo_site\/produto\/senges\/\",\"url\":\"https:\/\/www.ionturismo.com.br\/novo_site\/produto\/senges\/\",\"name\":\"Seng\u00e9s\/PR - ION Turismo\",\"isPartOf\":{\"@id\":\"https:\/\/www.ionturismo.com.br\/novo_site\/#website\"},\"primaryImageOfPage\":{\"@id\":\"https:\/\/www.ionturismo.com.br\/novo_site\/produto\/senges\/#primaryimage\"},\"image\":{\"@id\":\"https:\/\/www.ionturismo.com.br\/novo_site\/produto\/senges\/#primaryimage\"},\"thumbnailUrl\":\"https:\/\/www.ionturismo.com.br\/novo_site\/wp-content\/uploads\/2015\/02\/cachoeira-do-postinho.jpg\",\"datePublished\":\"2011-02-13T00:42:32+00:00\",\"dateModified\":\"2017-11-24T23:52:02+00:00\",\"description\":\"seng\u00e9s, cachoeiras, vales, canyon, turismo, feriad\u00e3o, corisco, postinho, itarar\u00e9, sete quedas\",\"breadcrumb\":{\"@id\":\"https:\/\/www.ionturismo.com.br\/novo_site\/produto\/senges\/#breadcrumb\"},\"inLanguage\":\"pt-BR\",\"potentialAction\":[{\"@type\":\"ReadAction\",\"target\":[\"https:\/\/www.ionturismo.com.br\/novo_site\/produto\/senges\/\"]}]},{\"@type\":\"ImageObject\",\"inLanguage\":\"pt-BR\",\"@id\":\"https:\/\/www.ionturismo.com.br\/novo_site\/produto\/senges\/#primaryimage\",\"url\":\"https:\/\/www.ionturismo.com.br\/novo_site\/wp-content\/uploads\/2015\/02\/cachoeira-do-postinho.jpg\",\"contentUrl\":\"https:\/\/www.ionturismo.com.br\/novo_site\/wp-content\/uploads\/2015\/02\/cachoeira-do-postinho.jpg\",\"width\":1600,\"height\":1200},{\"@type\":\"BreadcrumbList\",\"@id\":\"https:\/\/www.ionturismo.com.br\/novo_site\/produto\/senges\/#breadcrumb\",\"itemListElement\":[{\"@type\":\"ListItem\",\"position\":1,\"name\":\"In\u00edcio\",\"item\":\"https:\/\/www.ionturismo.com.br\/novo_site\/\"},{\"@type\":\"ListItem\",\"position\":2,\"name\":\"Seng\u00e9s\/PR\"}]},{\"@type\":\"WebSite\",\"@id\":\"https:\/\/www.ionturismo.com.br\/novo_site\/#website\",\"url\":\"https:\/\/www.ionturismo.com.br\/novo_site\/\",\"name\":\"ION Turismo\",\"description\":\"O que o Paran\u00e1 e Regi\u00e3o tem de Melhor.\",\"potentialAction\":[{\"@type\":\"SearchAction\",\"target\":{\"@type\":\"EntryPoint\",\"urlTemplate\":\"https:\/\/www.ionturismo.com.br\/novo_site\/?s={search_term_string}\"},\"query-input\":{\"@type\":\"PropertyValueSpecification\",\"valueRequired\":true,\"valueName\":\"search_term_string\"}}],\"inLanguage\":\"pt-BR\"}]}<\/script>\n<!-- \/ Yoast SEO plugin. -->","yoast_head_json":{"title":"Seng\u00e9s\/PR - ION Turismo","description":"seng\u00e9s, cachoeiras, vales, canyon, turismo, feriad\u00e3o, corisco, postinho, itarar\u00e9, sete quedas","robots":{"index":"index","follow":"follow","max-snippet":"max-snippet:-1","max-image-preview":"max-image-preview:large","max-video-preview":"max-video-preview:-1"},"canonical":"https:\/\/www.ionturismo.com.br\/novo_site\/produto\/senges\/","og_locale":"pt_BR","og_type":"article","og_title":"Seng\u00e9s\/PR - ION Turismo","og_description":"seng\u00e9s, cachoeiras, vales, canyon, turismo, feriad\u00e3o, corisco, postinho, itarar\u00e9, sete quedas","og_url":"https:\/\/www.ionturismo.com.br\/novo_site\/produto\/senges\/","og_site_name":"ION Turismo","article_modified_time":"2017-11-24T23:52:02+00:00","og_image":[{"width":1600,"height":1200,"url":"https:\/\/www.ionturismo.com.br\/novo_site\/wp-content\/uploads\/2015\/02\/cachoeira-do-postinho.jpg","type":"image\/jpeg"}],"twitter_misc":{"Est. tempo de leitura":"1 minuto"},"schema":{"@context":"https:\/\/schema.org","@graph":[{"@type":"WebPage","@id":"https:\/\/www.ionturismo.com.br\/novo_site\/produto\/senges\/","url":"https:\/\/www.ionturismo.com.br\/novo_site\/produto\/senges\/","name":"Seng\u00e9s\/PR - ION Turismo","isPartOf":{"@id":"https:\/\/www.ionturismo.com.br\/novo_site\/#website"},"primaryImageOfPage":{"@id":"https:\/\/www.ionturismo.com.br\/novo_site\/produto\/senges\/#primaryimage"},"image":{"@id":"https:\/\/www.ionturismo.com.br\/novo_site\/produto\/senges\/#primaryimage"},"thumbnailUrl":"https:\/\/www.ionturismo.com.br\/novo_site\/wp-content\/uploads\/2015\/02\/cachoeira-do-postinho.jpg","datePublished":"2011-02-13T00:42:32+00:00","dateModified":"2017-11-24T23:52:02+00:00","description":"seng\u00e9s, cachoeiras, vales, canyon, turismo, feriad\u00e3o, corisco, postinho, itarar\u00e9, sete quedas","breadcrumb":{"@id":"https:\/\/www.ionturismo.com.br\/novo_site\/produto\/senges\/#breadcrumb"},"inLanguage":"pt-BR","potentialAction":[{"@type":"ReadAction","target":["https:\/\/www.ionturismo.com.br\/novo_site\/produto\/senges\/"]}]},{"@type":"ImageObject","inLanguage":"pt-BR","@id":"https:\/\/www.ionturismo.com.br\/novo_site\/produto\/senges\/#primaryimage","url":"https:\/\/www.ionturismo.com.br\/novo_site\/wp-content\/uploads\/2015\/02\/cachoeira-do-postinho.jpg","contentUrl":"https:\/\/www.ionturismo.com.br\/novo_site\/wp-content\/uploads\/2015\/02\/cachoeira-do-postinho.jpg","width":1600,"height":1200},{"@type":"BreadcrumbList","@id":"https:\/\/www.ionturismo.com.br\/novo_site\/produto\/senges\/#breadcrumb","itemListElement":[{"@type":"ListItem","position":1,"name":"In\u00edcio","item":"https:\/\/www.ionturismo.com.br\/novo_site\/"},{"@type":"ListItem","position":2,"name":"Seng\u00e9s\/PR"}]},{"@type":"WebSite","@id":"https:\/\/www.ionturismo.com.br\/novo_site\/#website","url":"https:\/\/www.ionturismo.com.br\/novo_site\/","name":"ION Turismo","description":"O que o Paran\u00e1 e Regi\u00e3o tem de Melhor.","potentialAction":[{"@type":"SearchAction","target":{"@type":"EntryPoint","urlTemplate":"https:\/\/www.ionturismo.com.br\/novo_site\/?s={search_term_string}"},"query-input":{"@type":"PropertyValueSpecification","valueRequired":true,"valueName":"search_term_string"}}],"inLanguage":"pt-BR"}]}},"_links":{"self":[{"href":"https:\/\/www.ionturismo.com.br\/novo_site\/wp-json\/wp\/v2\/product\/771","targetHints":{"allow":["GET"]}}],"collection":[{"href":"https:\/\/www.ionturismo.com.br\/novo_site\/wp-json\/wp\/v2\/product"}],"about":[{"href":"https:\/\/www.ionturismo.com.br\/novo_site\/wp-json\/wp\/v2\/types\/product"}],"replies":[{"embeddable":true,"href":"https:\/\/www.ionturismo.com.br\/novo_site\/wp-json\/wp\/v2\/comments?post=771"}],"wp:featuredmedia":[{"embeddable":true,"href":"https:\/\/www.ionturismo.com.br\/novo_site\/wp-json\/wp\/v2\/media\/776"}],"wp:attachment":[{"href":"https:\/\/www.ionturismo.com.br\/novo_site\/wp-json\/wp\/v2\/media?parent=771"}],"wp:term":[{"taxonomy":"product_brand","embeddable":true,"href":"https:\/\/www.ionturismo.com.br\/novo_site\/wp-json\/wp\/v2\/product_brand?post=771"},{"taxonomy":"product_cat","embeddable":true,"href":"https:\/\/www.ionturismo.com.br\/novo_site\/wp-json\/wp\/v2\/product_cat?post=771"},{"taxonomy":"product_tag","embeddable":true,"href":"https:\/\/www.ionturismo.com.br\/novo_site\/wp-json\/wp\/v2\/product_tag?post=771"}],"curies":[{"name":"wp","href":"https:\/\/api.w.org\/{rel}","templated":true}]}}