{"id":865,"date":"1979-04-24T14:43:54","date_gmt":"1979-04-24T17:43:54","guid":{"rendered":"http:\/\/www.ionturismo.com.br\/novo_site\/?post_type=product&#038;p=865"},"modified":"2020-08-28T18:48:04","modified_gmt":"2020-08-28T21:48:04","slug":"fenda-do-nick-e-salto-da-cotia-canyon-guartelapr","status":"publish","type":"product","link":"https:\/\/www.ionturismo.com.br\/novo_site\/produto\/fenda-do-nick-e-salto-da-cotia-canyon-guartelapr\/","title":{"rendered":"Fenda do Nick e Canyon Guartel\u00e1\/PR"},"content":{"rendered":"<p style=\"text-align: center;\"><strong><span style=\"color: #a31416;\">FENDA DO NICK\u00a0e CANYON GUARTEL\u00c1\/PR<\/span><\/strong><\/p>\n<p>O nosso roteiro ir\u00e1 contemplar um passeio diferente no Canyon Guartel\u00e1, que fica entre as cidades de Castro e Tibagi. Iniciaremos nossa aventura inicialmente atravessando a Trilha da Fenda do Nick, que \u00e9 formada por uma separa\u00e7\u00e3o das paredes de uma montanha que se dividiu com um abalo s\u00edsmico (terremoto) formando um corredor de pedra por dentro da montanha. Com um visual incr\u00edvel,\u00a0est\u00e1 entre os\u00a0principais atrativos da regi\u00e3o.<\/p>\n<p>Ap\u00f3s as atividades,\u00a0faremos parada para descanso e lanche (n\u00e3o incluso)\u00a0e o restante da tarde, passeio pelo centro hist\u00f3rico de Castro OU\u00a0Parque do Canyon Guartel\u00e1.<\/p>\n<p>Retorno a Curitiba.<\/p>\n<p><span style=\"color: #a31416;\"><b>SA\u00cdDA: <\/b><span style=\"color: #000000;\">06:30h<\/span><\/span><\/p>\n<p><strong><span style=\"color: #a31416;\">N\u00cdVEL DIFICULDADE:<\/span><\/strong>\u00a0F\u00e1cil \/ Moderado<\/p>\n<p><strong><span style=\"color: #a31416;\">INCLUI:<\/span><\/strong><br \/>\n\u2013 Transporte em van<br \/>\n\u2013\u00a0Almo\u00e7o<br \/>\n\u2013 Guia de turismo Credenciado no Minist\u00e9rio do Turismo<br \/>\n\u2013 Condutor de trilha<br \/>\n\u2013 01 Kit Lanche<br \/>\n\u2013 Sorteio de Brindes<br \/>\n\u2013 Seguro Viagem.<\/p>\n<p>&nbsp;<\/p>\n<p><em>*Condi\u00e7\u00f5es de cancelamento, visite\u00a0<a href=\"http:\/\/www.ionturismo.com.br\/novo_site\/shop\/termos-e-condicoes\/\">Condi\u00e7\u00f5es Gerais de Presta\u00e7\u00e3o de Servi\u00e7os Tur\u00edsticos<\/a><\/em><\/p>\n<p>** Em caso de chuvas, visando a seguran\u00e7a e bem estar de todos, o passeio ser\u00e1 cancelado.<\/p>\n<p><strong><span style=\"color: #a31416;\">INFORMA\u00c7\u00d5ES e RESERVAS<\/span><\/strong><br \/>\ncontato@ionturismo.com.br<\/p>\n","protected":false},"excerpt":{"rendered":"<p>FENDA DO NICK\u00a0e CANYON GUARTEL\u00c1\/PR O nosso roteiro ir\u00e1 contemplar um passeio diferente no Canyon Guartel\u00e1, que fica entre as cidades de Castro e Tibagi. Iniciaremos nossa aventura inicialmente atravessando a Trilha da Fenda do Nick, que \u00e9 formada por uma separa\u00e7\u00e3o das paredes de uma montanha que se dividiu com um abalo s\u00edsmico (terremoto) formando um corredor de pedra por dentro da montanha. Com um visual incr\u00edvel,\u00a0est\u00e1 entre os\u00a0principais atrativos da regi\u00e3o. Ap\u00f3s as atividades,\u00a0faremos parada para descanso e lanche (n\u00e3o incluso)\u00a0e o restante da tarde, passeio pelo centro hist\u00f3rico de Castro OU\u00a0Parque do Canyon Guartel\u00e1. Retorno a Curitiba. SA\u00cdDA: 06:30h N\u00cdVEL DIFICULDADE:\u00a0F\u00e1cil \/ Moderado INCLUI: \u2013 Transporte em van \u2013\u00a0Almo\u00e7o \u2013 Guia de turismo Credenciado no Minist\u00e9rio do Turismo \u2013 Condutor de trilha \u2013 01 Kit Lanche \u2013 Sorteio de Brindes \u2013 Seguro Viagem. &nbsp; *Condi\u00e7\u00f5es de cancelamento, visite\u00a0Condi\u00e7\u00f5es Gerais de Presta\u00e7\u00e3o de Servi\u00e7os Tur\u00edsticos ** Em caso de chuvas, visando a seguran\u00e7a e bem estar de todos, o passeio ser\u00e1 cancelado. INFORMA\u00c7\u00d5ES e RESERVAS contato@ionturismo.com.br<\/p>\n","protected":false},"featured_media":866,"comment_status":"open","ping_status":"closed","template":"","meta":{"ngg_post_thumbnail":0},"product_brand":[],"product_cat":[66],"product_tag":[],"class_list":{"0":"post-865","1":"product","2":"type-product","3":"status-publish","4":"has-post-thumbnail","6":"product_cat-sem-categoria","8":"first","9":"instock","10":"virtual","11":"product-type-simple"},"yoast_head":"<!-- This site is optimized with the Yoast SEO plugin v27.2 - https:\/\/yoast.com\/product\/yoast-seo-wordpress\/ -->\n<title>Fenda do Nick e Canyon Guartel\u00e1\/PR - ION Turismo<\/title>\n<meta name=\"robots\" content=\"index, follow, max-snippet:-1, max-image-preview:large, max-video-preview:-1\" \/>\n<link rel=\"canonical\" href=\"https:\/\/www.ionturismo.com.br\/novo_site\/produto\/fenda-do-nick-e-salto-da-cotia-canyon-guartelapr\/\" \/>\n<meta property=\"og:locale\" content=\"pt_BR\" \/>\n<meta property=\"og:type\" content=\"article\" \/>\n<meta property=\"og:title\" content=\"Fenda do Nick e Canyon Guartel\u00e1\/PR - ION Turismo\" \/>\n<meta property=\"og:description\" content=\"FENDA DO NICK\u00a0e CANYON GUARTEL\u00c1\/PR O nosso roteiro ir\u00e1 contemplar um passeio diferente no Canyon Guartel\u00e1, que fica entre as cidades de Castro e Tibagi. Iniciaremos nossa aventura inicialmente atravessando a Trilha da Fenda do Nick, que \u00e9 formada por uma separa\u00e7\u00e3o das paredes de uma montanha que se dividiu com um abalo s\u00edsmico (terremoto) formando um corredor de pedra por dentro da montanha. Com um visual incr\u00edvel,\u00a0est\u00e1 entre os\u00a0principais atrativos da regi\u00e3o. Ap\u00f3s as atividades,\u00a0faremos parada para descanso e lanche (n\u00e3o incluso)\u00a0e o restante da tarde, passeio pelo centro hist\u00f3rico de Castro OU\u00a0Parque do Canyon Guartel\u00e1. Retorno a Curitiba. SA\u00cdDA: 06:30h N\u00cdVEL DIFICULDADE:\u00a0F\u00e1cil \/ Moderado INCLUI: \u2013 Transporte em van \u2013\u00a0Almo\u00e7o \u2013 Guia de turismo Credenciado no Minist\u00e9rio do Turismo \u2013 Condutor de trilha \u2013 01 Kit Lanche \u2013 Sorteio de Brindes \u2013 Seguro Viagem. &nbsp; *Condi\u00e7\u00f5es de cancelamento, visite\u00a0Condi\u00e7\u00f5es Gerais de Presta\u00e7\u00e3o de Servi\u00e7os Tur\u00edsticos ** Em caso de chuvas, visando a seguran\u00e7a e bem estar de todos, o passeio ser\u00e1 cancelado. INFORMA\u00c7\u00d5ES e RESERVAS contato@ionturismo.com.br\" \/>\n<meta property=\"og:url\" content=\"https:\/\/www.ionturismo.com.br\/novo_site\/produto\/fenda-do-nick-e-salto-da-cotia-canyon-guartelapr\/\" \/>\n<meta property=\"og:site_name\" content=\"ION Turismo\" \/>\n<meta property=\"article:modified_time\" content=\"2020-08-28T21:48:04+00:00\" \/>\n<meta property=\"og:image\" content=\"https:\/\/www.ionturismo.com.br\/novo_site\/wp-content\/uploads\/2017\/11\/IMG-20171107-WA0010.jpg\" \/>\n\t<meta property=\"og:image:width\" content=\"900\" \/>\n\t<meta property=\"og:image:height\" content=\"600\" \/>\n\t<meta property=\"og:image:type\" content=\"image\/jpeg\" \/>\n<meta name=\"twitter:label1\" content=\"Est. tempo de leitura\" \/>\n\t<meta name=\"twitter:data1\" content=\"1 minuto\" \/>\n<script type=\"application\/ld+json\" class=\"yoast-schema-graph\">{\"@context\":\"https:\/\/schema.org\",\"@graph\":[{\"@type\":\"WebPage\",\"@id\":\"https:\/\/www.ionturismo.com.br\/novo_site\/produto\/fenda-do-nick-e-salto-da-cotia-canyon-guartelapr\/\",\"url\":\"https:\/\/www.ionturismo.com.br\/novo_site\/produto\/fenda-do-nick-e-salto-da-cotia-canyon-guartelapr\/\",\"name\":\"Fenda do Nick e Canyon Guartel\u00e1\/PR - ION Turismo\",\"isPartOf\":{\"@id\":\"https:\/\/www.ionturismo.com.br\/novo_site\/#website\"},\"primaryImageOfPage\":{\"@id\":\"https:\/\/www.ionturismo.com.br\/novo_site\/produto\/fenda-do-nick-e-salto-da-cotia-canyon-guartelapr\/#primaryimage\"},\"image\":{\"@id\":\"https:\/\/www.ionturismo.com.br\/novo_site\/produto\/fenda-do-nick-e-salto-da-cotia-canyon-guartelapr\/#primaryimage\"},\"thumbnailUrl\":\"https:\/\/www.ionturismo.com.br\/novo_site\/wp-content\/uploads\/2017\/11\/IMG-20171107-WA0010.jpg\",\"datePublished\":\"1979-04-24T17:43:54+00:00\",\"dateModified\":\"2020-08-28T21:48:04+00:00\",\"breadcrumb\":{\"@id\":\"https:\/\/www.ionturismo.com.br\/novo_site\/produto\/fenda-do-nick-e-salto-da-cotia-canyon-guartelapr\/#breadcrumb\"},\"inLanguage\":\"pt-BR\",\"potentialAction\":[{\"@type\":\"ReadAction\",\"target\":[\"https:\/\/www.ionturismo.com.br\/novo_site\/produto\/fenda-do-nick-e-salto-da-cotia-canyon-guartelapr\/\"]}]},{\"@type\":\"ImageObject\",\"inLanguage\":\"pt-BR\",\"@id\":\"https:\/\/www.ionturismo.com.br\/novo_site\/produto\/fenda-do-nick-e-salto-da-cotia-canyon-guartelapr\/#primaryimage\",\"url\":\"https:\/\/www.ionturismo.com.br\/novo_site\/wp-content\/uploads\/2017\/11\/IMG-20171107-WA0010.jpg\",\"contentUrl\":\"https:\/\/www.ionturismo.com.br\/novo_site\/wp-content\/uploads\/2017\/11\/IMG-20171107-WA0010.jpg\",\"width\":900,\"height\":600},{\"@type\":\"BreadcrumbList\",\"@id\":\"https:\/\/www.ionturismo.com.br\/novo_site\/produto\/fenda-do-nick-e-salto-da-cotia-canyon-guartelapr\/#breadcrumb\",\"itemListElement\":[{\"@type\":\"ListItem\",\"position\":1,\"name\":\"In\u00edcio\",\"item\":\"https:\/\/www.ionturismo.com.br\/novo_site\/\"},{\"@type\":\"ListItem\",\"position\":2,\"name\":\"Fenda do Nick e Canyon Guartel\u00e1\/PR\"}]},{\"@type\":\"WebSite\",\"@id\":\"https:\/\/www.ionturismo.com.br\/novo_site\/#website\",\"url\":\"https:\/\/www.ionturismo.com.br\/novo_site\/\",\"name\":\"ION Turismo\",\"description\":\"O que o Paran\u00e1 e Regi\u00e3o tem de Melhor.\",\"potentialAction\":[{\"@type\":\"SearchAction\",\"target\":{\"@type\":\"EntryPoint\",\"urlTemplate\":\"https:\/\/www.ionturismo.com.br\/novo_site\/?s={search_term_string}\"},\"query-input\":{\"@type\":\"PropertyValueSpecification\",\"valueRequired\":true,\"valueName\":\"search_term_string\"}}],\"inLanguage\":\"pt-BR\"}]}<\/script>\n<!-- \/ Yoast SEO plugin. -->","yoast_head_json":{"title":"Fenda do Nick e Canyon Guartel\u00e1\/PR - ION Turismo","robots":{"index":"index","follow":"follow","max-snippet":"max-snippet:-1","max-image-preview":"max-image-preview:large","max-video-preview":"max-video-preview:-1"},"canonical":"https:\/\/www.ionturismo.com.br\/novo_site\/produto\/fenda-do-nick-e-salto-da-cotia-canyon-guartelapr\/","og_locale":"pt_BR","og_type":"article","og_title":"Fenda do Nick e Canyon Guartel\u00e1\/PR - ION Turismo","og_description":"FENDA DO NICK\u00a0e CANYON GUARTEL\u00c1\/PR O nosso roteiro ir\u00e1 contemplar um passeio diferente no Canyon Guartel\u00e1, que fica entre as cidades de Castro e Tibagi. Iniciaremos nossa aventura inicialmente atravessando a Trilha da Fenda do Nick, que \u00e9 formada por uma separa\u00e7\u00e3o das paredes de uma montanha que se dividiu com um abalo s\u00edsmico (terremoto) formando um corredor de pedra por dentro da montanha. Com um visual incr\u00edvel,\u00a0est\u00e1 entre os\u00a0principais atrativos da regi\u00e3o. Ap\u00f3s as atividades,\u00a0faremos parada para descanso e lanche (n\u00e3o incluso)\u00a0e o restante da tarde, passeio pelo centro hist\u00f3rico de Castro OU\u00a0Parque do Canyon Guartel\u00e1. Retorno a Curitiba. SA\u00cdDA: 06:30h N\u00cdVEL DIFICULDADE:\u00a0F\u00e1cil \/ Moderado INCLUI: \u2013 Transporte em van \u2013\u00a0Almo\u00e7o \u2013 Guia de turismo Credenciado no Minist\u00e9rio do Turismo \u2013 Condutor de trilha \u2013 01 Kit Lanche \u2013 Sorteio de Brindes \u2013 Seguro Viagem. &nbsp; *Condi\u00e7\u00f5es de cancelamento, visite\u00a0Condi\u00e7\u00f5es Gerais de Presta\u00e7\u00e3o de Servi\u00e7os Tur\u00edsticos ** Em caso de chuvas, visando a seguran\u00e7a e bem estar de todos, o passeio ser\u00e1 cancelado. INFORMA\u00c7\u00d5ES e RESERVAS contato@ionturismo.com.br","og_url":"https:\/\/www.ionturismo.com.br\/novo_site\/produto\/fenda-do-nick-e-salto-da-cotia-canyon-guartelapr\/","og_site_name":"ION Turismo","article_modified_time":"2020-08-28T21:48:04+00:00","og_image":[{"width":900,"height":600,"url":"https:\/\/www.ionturismo.com.br\/novo_site\/wp-content\/uploads\/2017\/11\/IMG-20171107-WA0010.jpg","type":"image\/jpeg"}],"twitter_misc":{"Est. tempo de leitura":"1 minuto"},"schema":{"@context":"https:\/\/schema.org","@graph":[{"@type":"WebPage","@id":"https:\/\/www.ionturismo.com.br\/novo_site\/produto\/fenda-do-nick-e-salto-da-cotia-canyon-guartelapr\/","url":"https:\/\/www.ionturismo.com.br\/novo_site\/produto\/fenda-do-nick-e-salto-da-cotia-canyon-guartelapr\/","name":"Fenda do Nick e Canyon Guartel\u00e1\/PR - ION Turismo","isPartOf":{"@id":"https:\/\/www.ionturismo.com.br\/novo_site\/#website"},"primaryImageOfPage":{"@id":"https:\/\/www.ionturismo.com.br\/novo_site\/produto\/fenda-do-nick-e-salto-da-cotia-canyon-guartelapr\/#primaryimage"},"image":{"@id":"https:\/\/www.ionturismo.com.br\/novo_site\/produto\/fenda-do-nick-e-salto-da-cotia-canyon-guartelapr\/#primaryimage"},"thumbnailUrl":"https:\/\/www.ionturismo.com.br\/novo_site\/wp-content\/uploads\/2017\/11\/IMG-20171107-WA0010.jpg","datePublished":"1979-04-24T17:43:54+00:00","dateModified":"2020-08-28T21:48:04+00:00","breadcrumb":{"@id":"https:\/\/www.ionturismo.com.br\/novo_site\/produto\/fenda-do-nick-e-salto-da-cotia-canyon-guartelapr\/#breadcrumb"},"inLanguage":"pt-BR","potentialAction":[{"@type":"ReadAction","target":["https:\/\/www.ionturismo.com.br\/novo_site\/produto\/fenda-do-nick-e-salto-da-cotia-canyon-guartelapr\/"]}]},{"@type":"ImageObject","inLanguage":"pt-BR","@id":"https:\/\/www.ionturismo.com.br\/novo_site\/produto\/fenda-do-nick-e-salto-da-cotia-canyon-guartelapr\/#primaryimage","url":"https:\/\/www.ionturismo.com.br\/novo_site\/wp-content\/uploads\/2017\/11\/IMG-20171107-WA0010.jpg","contentUrl":"https:\/\/www.ionturismo.com.br\/novo_site\/wp-content\/uploads\/2017\/11\/IMG-20171107-WA0010.jpg","width":900,"height":600},{"@type":"BreadcrumbList","@id":"https:\/\/www.ionturismo.com.br\/novo_site\/produto\/fenda-do-nick-e-salto-da-cotia-canyon-guartelapr\/#breadcrumb","itemListElement":[{"@type":"ListItem","position":1,"name":"In\u00edcio","item":"https:\/\/www.ionturismo.com.br\/novo_site\/"},{"@type":"ListItem","position":2,"name":"Fenda do Nick e Canyon Guartel\u00e1\/PR"}]},{"@type":"WebSite","@id":"https:\/\/www.ionturismo.com.br\/novo_site\/#website","url":"https:\/\/www.ionturismo.com.br\/novo_site\/","name":"ION Turismo","description":"O que o Paran\u00e1 e Regi\u00e3o tem de Melhor.","potentialAction":[{"@type":"SearchAction","target":{"@type":"EntryPoint","urlTemplate":"https:\/\/www.ionturismo.com.br\/novo_site\/?s={search_term_string}"},"query-input":{"@type":"PropertyValueSpecification","valueRequired":true,"valueName":"search_term_string"}}],"inLanguage":"pt-BR"}]}},"_links":{"self":[{"href":"https:\/\/www.ionturismo.com.br\/novo_site\/wp-json\/wp\/v2\/product\/865","targetHints":{"allow":["GET"]}}],"collection":[{"href":"https:\/\/www.ionturismo.com.br\/novo_site\/wp-json\/wp\/v2\/product"}],"about":[{"href":"https:\/\/www.ionturismo.com.br\/novo_site\/wp-json\/wp\/v2\/types\/product"}],"replies":[{"embeddable":true,"href":"https:\/\/www.ionturismo.com.br\/novo_site\/wp-json\/wp\/v2\/comments?post=865"}],"wp:featuredmedia":[{"embeddable":true,"href":"https:\/\/www.ionturismo.com.br\/novo_site\/wp-json\/wp\/v2\/media\/866"}],"wp:attachment":[{"href":"https:\/\/www.ionturismo.com.br\/novo_site\/wp-json\/wp\/v2\/media?parent=865"}],"wp:term":[{"taxonomy":"product_brand","embeddable":true,"href":"https:\/\/www.ionturismo.com.br\/novo_site\/wp-json\/wp\/v2\/product_brand?post=865"},{"taxonomy":"product_cat","embeddable":true,"href":"https:\/\/www.ionturismo.com.br\/novo_site\/wp-json\/wp\/v2\/product_cat?post=865"},{"taxonomy":"product_tag","embeddable":true,"href":"https:\/\/www.ionturismo.com.br\/novo_site\/wp-json\/wp\/v2\/product_tag?post=865"}],"curies":[{"name":"wp","href":"https:\/\/api.w.org\/{rel}","templated":true}]}}