{"id":875,"date":"2009-10-22T15:19:45","date_gmt":"2009-10-22T18:19:45","guid":{"rendered":"http:\/\/www.ionturismo.com.br\/novo_site\/?post_type=product&#038;p=875"},"modified":"2018-12-12T12:26:31","modified_gmt":"2018-12-12T15:26:31","slug":"buraco-do-padre-e-cachoeira-da-mariquinha","status":"publish","type":"product","link":"https:\/\/www.ionturismo.com.br\/novo_site\/produto\/buraco-do-padre-e-cachoeira-da-mariquinha\/","title":{"rendered":"Buraco do Padre e Cachoeira da Mariquinha"},"content":{"rendered":"<p>Localizado no distrito de Itaiacoca, regi\u00e3o de Ponta Grossa, o Buraco do Padre \u00e9 uma furna que possui em seu interior uma cascata de 30m, formada pelo Rio Quebra-Perna, formando uma esp\u00e9cie de anfiteatro subterr\u00e2neo. A Cachoeira da Mariquinha, de aproximadamente 30m de altura, \u00e9 outro atrativo muito procurado pelos visitantes, pois h\u00e1 uma esp\u00e9cie de \u201cpraia\u201d, com areia ao redor do lago que recebe a sua queda e que permite banhar-se em suas \u00e1guas.<\/p>\n<p>O roteiro oferece um dia de muito contato com a natureza, ar puro, banho de cachoeira e caminhada ao ar livre. O primeiro atrativo \u00e9 a Cachoeira da Mariquinha, onde caminharemos por uma trilha de 1 km aproximadamente, n\u00edvel f\u00e1cil, que nos levar\u00e1 at\u00e9 a base da cachoeira, no qual \u00e9 poss\u00edvel banhar-se em suas \u00e1guas. Ap\u00f3s essa cachoeira e antes de chegarmos ao pr\u00f3ximo atrativo, haver\u00e1 uma parada r\u00e1pida em uma adega que produz e comercializa produtos artesanais a base de amora silvestre. N\u00e3o haver\u00e1 almo\u00e7o. Em seguida, iremos visitar a furna Buraco do Padre. O local tamb\u00e9m permite banho ao visitante.<\/p>\n<p>Ap\u00f3s esse atrativo, iremos saborear um delicioso caf\u00e9 colonial rural para completar nosso passeio.<\/p>\n<p><span style=\"color: #a31416;\"><strong>Dist\u00e2ncia:<\/strong><\/span>\u00a0120 km de Curitiba<\/p>\n<p><span style=\"color: #a31416;\"><strong>N\u00edvel de Dificuldade:<\/strong><\/span>\u00a0Leve<\/p>\n<p><strong><span style=\"color: #a31416;\">Inclui:<\/span><br \/>\n<\/strong>&#8211; Transporte em \u00f4nibus e\/ou van;<br \/>\n&#8211; Caf\u00e9 Colonial;<br \/>\n&#8211; Ingresso Cachoeira da Mariquinha;<br \/>\n&#8211;\u00a0Ingresso ao Buraco do Padre<br \/>\n&#8211; Guia de Turismo credenciado MTur;<br \/>\n&#8211; Seguro Viagem.<\/p>\n<p><strong><span style=\"color: #a31416;\">Informa\u00e7\u00f5es<\/span><strong><br \/>\ncontato@ionturismo.com.br \/<br \/>\n(41) 99912-8711<\/strong><\/strong><\/p>\n<p><span style=\"color: #a31416;\"><strong>Imagens:<br \/>\n<\/strong><\/span>Clique nas imagens para v\u00ea-las maiores.<\/p>\n<p style=\"text-align: center;\"><em>\u201cViaje Legal\u201d \u2013 CADASTUR: 31.620.399.0001.37 \u2013 ION Turismo Ltda<\/em><\/p>\n","protected":false},"excerpt":{"rendered":"<p>Localizado no distrito de Itaiacoca, regi\u00e3o de Ponta Grossa, o Buraco do Padre \u00e9 uma furna que possui em seu interior uma cascata de 30m, formada pelo Rio Quebra-Perna, formando uma esp\u00e9cie de anfiteatro subterr\u00e2neo. A Cachoeira da Mariquinha, de aproximadamente 30m de altura, \u00e9 outro atrativo muito procurado pelos visitantes, pois h\u00e1 uma esp\u00e9cie de \u201cpraia\u201d, com areia ao redor do lago que recebe a sua queda e que permite banhar-se em suas \u00e1guas. O roteiro oferece um dia de muito contato com a natureza, ar puro, banho de cachoeira e caminhada ao ar livre. O primeiro atrativo \u00e9 a Cachoeira da Mariquinha, onde caminharemos por uma trilha de 1 km aproximadamente, n\u00edvel f\u00e1cil, que nos levar\u00e1 at\u00e9 a base da cachoeira, no qual \u00e9 poss\u00edvel banhar-se em suas \u00e1guas. Ap\u00f3s essa cachoeira e antes de chegarmos ao pr\u00f3ximo atrativo, haver\u00e1 uma parada r\u00e1pida em uma adega que produz e comercializa produtos artesanais a base de amora silvestre. N\u00e3o haver\u00e1 almo\u00e7o. Em seguida, iremos visitar a furna Buraco do Padre. O local tamb\u00e9m permite banho ao visitante. Ap\u00f3s esse atrativo, iremos saborear um delicioso caf\u00e9 colonial rural para completar nosso passeio. Dist\u00e2ncia:\u00a0120 km de Curitiba N\u00edvel de Dificuldade:\u00a0Leve Inclui: &#8211; Transporte em \u00f4nibus e\/ou van; &#8211; Caf\u00e9 Colonial; &#8211; Ingresso Cachoeira da Mariquinha; &#8211;\u00a0Ingresso ao Buraco do Padre &#8211; Guia de Turismo credenciado MTur; &#8211; Seguro Viagem. Informa\u00e7\u00f5es contato@ionturismo.com.br \/ (41) 99912-8711 Imagens: Clique nas imagens para v\u00ea-las maiores. \u201cViaje Legal\u201d \u2013 CADASTUR: 31.620.399.0001.37 \u2013 ION Turismo Ltda<\/p>\n","protected":false},"featured_media":153,"comment_status":"open","ping_status":"closed","template":"","meta":{"ngg_post_thumbnail":0},"product_brand":[],"product_cat":[66],"product_tag":[],"class_list":{"0":"post-875","1":"product","2":"type-product","3":"status-publish","4":"has-post-thumbnail","6":"product_cat-sem-categoria","8":"first","9":"instock","10":"virtual","11":"product-type-simple"},"yoast_head":"<!-- This site is optimized with the Yoast SEO plugin v27.2 - https:\/\/yoast.com\/product\/yoast-seo-wordpress\/ -->\n<title>Passeio Buraco do Padre e Cachoeira da Mariquinha 25\/11<\/title>\n<meta name=\"description\" content=\"buraco do padre, cachoeira mariquinha\" \/>\n<meta name=\"robots\" content=\"index, follow, max-snippet:-1, max-image-preview:large, max-video-preview:-1\" \/>\n<link rel=\"canonical\" href=\"https:\/\/www.ionturismo.com.br\/novo_site\/produto\/buraco-do-padre-e-cachoeira-da-mariquinha\/\" \/>\n<meta property=\"og:locale\" content=\"pt_BR\" \/>\n<meta property=\"og:type\" content=\"article\" \/>\n<meta property=\"og:title\" content=\"Passeio Buraco do Padre e Cachoeira da Mariquinha 25\/11\" \/>\n<meta property=\"og:description\" content=\"buraco do padre, cachoeira mariquinha\" \/>\n<meta property=\"og:url\" content=\"https:\/\/www.ionturismo.com.br\/novo_site\/produto\/buraco-do-padre-e-cachoeira-da-mariquinha\/\" \/>\n<meta property=\"og:site_name\" content=\"ION Turismo\" \/>\n<meta property=\"article:modified_time\" content=\"2018-12-12T15:26:31+00:00\" \/>\n<meta property=\"og:image\" content=\"https:\/\/www.ionturismo.com.br\/novo_site\/wp-content\/uploads\/2014\/04\/ionturismo_cachoeira_mariquinha21.jpg\" \/>\n\t<meta property=\"og:image:width\" content=\"640\" \/>\n\t<meta property=\"og:image:height\" content=\"480\" \/>\n\t<meta property=\"og:image:type\" content=\"image\/jpeg\" \/>\n<meta name=\"twitter:label1\" content=\"Est. tempo de leitura\" \/>\n\t<meta name=\"twitter:data1\" content=\"1 minuto\" \/>\n<script type=\"application\/ld+json\" class=\"yoast-schema-graph\">{\"@context\":\"https:\/\/schema.org\",\"@graph\":[{\"@type\":\"WebPage\",\"@id\":\"https:\/\/www.ionturismo.com.br\/novo_site\/produto\/buraco-do-padre-e-cachoeira-da-mariquinha\/\",\"url\":\"https:\/\/www.ionturismo.com.br\/novo_site\/produto\/buraco-do-padre-e-cachoeira-da-mariquinha\/\",\"name\":\"Passeio Buraco do Padre e Cachoeira da Mariquinha 25\/11\",\"isPartOf\":{\"@id\":\"https:\/\/www.ionturismo.com.br\/novo_site\/#website\"},\"primaryImageOfPage\":{\"@id\":\"https:\/\/www.ionturismo.com.br\/novo_site\/produto\/buraco-do-padre-e-cachoeira-da-mariquinha\/#primaryimage\"},\"image\":{\"@id\":\"https:\/\/www.ionturismo.com.br\/novo_site\/produto\/buraco-do-padre-e-cachoeira-da-mariquinha\/#primaryimage\"},\"thumbnailUrl\":\"https:\/\/www.ionturismo.com.br\/novo_site\/wp-content\/uploads\/2014\/04\/ionturismo_cachoeira_mariquinha21.jpg\",\"datePublished\":\"2009-10-22T18:19:45+00:00\",\"dateModified\":\"2018-12-12T15:26:31+00:00\",\"description\":\"buraco do padre, cachoeira mariquinha\",\"breadcrumb\":{\"@id\":\"https:\/\/www.ionturismo.com.br\/novo_site\/produto\/buraco-do-padre-e-cachoeira-da-mariquinha\/#breadcrumb\"},\"inLanguage\":\"pt-BR\",\"potentialAction\":[{\"@type\":\"ReadAction\",\"target\":[\"https:\/\/www.ionturismo.com.br\/novo_site\/produto\/buraco-do-padre-e-cachoeira-da-mariquinha\/\"]}]},{\"@type\":\"ImageObject\",\"inLanguage\":\"pt-BR\",\"@id\":\"https:\/\/www.ionturismo.com.br\/novo_site\/produto\/buraco-do-padre-e-cachoeira-da-mariquinha\/#primaryimage\",\"url\":\"https:\/\/www.ionturismo.com.br\/novo_site\/wp-content\/uploads\/2014\/04\/ionturismo_cachoeira_mariquinha21.jpg\",\"contentUrl\":\"https:\/\/www.ionturismo.com.br\/novo_site\/wp-content\/uploads\/2014\/04\/ionturismo_cachoeira_mariquinha21.jpg\",\"width\":640,\"height\":480,\"caption\":\"Cachoeira Mariquinha\"},{\"@type\":\"BreadcrumbList\",\"@id\":\"https:\/\/www.ionturismo.com.br\/novo_site\/produto\/buraco-do-padre-e-cachoeira-da-mariquinha\/#breadcrumb\",\"itemListElement\":[{\"@type\":\"ListItem\",\"position\":1,\"name\":\"In\u00edcio\",\"item\":\"https:\/\/www.ionturismo.com.br\/novo_site\/\"},{\"@type\":\"ListItem\",\"position\":2,\"name\":\"Buraco do Padre e Cachoeira da Mariquinha\"}]},{\"@type\":\"WebSite\",\"@id\":\"https:\/\/www.ionturismo.com.br\/novo_site\/#website\",\"url\":\"https:\/\/www.ionturismo.com.br\/novo_site\/\",\"name\":\"ION Turismo\",\"description\":\"O que o Paran\u00e1 e Regi\u00e3o tem de Melhor.\",\"potentialAction\":[{\"@type\":\"SearchAction\",\"target\":{\"@type\":\"EntryPoint\",\"urlTemplate\":\"https:\/\/www.ionturismo.com.br\/novo_site\/?s={search_term_string}\"},\"query-input\":{\"@type\":\"PropertyValueSpecification\",\"valueRequired\":true,\"valueName\":\"search_term_string\"}}],\"inLanguage\":\"pt-BR\"}]}<\/script>\n<!-- \/ Yoast SEO plugin. -->","yoast_head_json":{"title":"Passeio Buraco do Padre e Cachoeira da Mariquinha 25\/11","description":"buraco do padre, cachoeira mariquinha","robots":{"index":"index","follow":"follow","max-snippet":"max-snippet:-1","max-image-preview":"max-image-preview:large","max-video-preview":"max-video-preview:-1"},"canonical":"https:\/\/www.ionturismo.com.br\/novo_site\/produto\/buraco-do-padre-e-cachoeira-da-mariquinha\/","og_locale":"pt_BR","og_type":"article","og_title":"Passeio Buraco do Padre e Cachoeira da Mariquinha 25\/11","og_description":"buraco do padre, cachoeira mariquinha","og_url":"https:\/\/www.ionturismo.com.br\/novo_site\/produto\/buraco-do-padre-e-cachoeira-da-mariquinha\/","og_site_name":"ION Turismo","article_modified_time":"2018-12-12T15:26:31+00:00","og_image":[{"width":640,"height":480,"url":"https:\/\/www.ionturismo.com.br\/novo_site\/wp-content\/uploads\/2014\/04\/ionturismo_cachoeira_mariquinha21.jpg","type":"image\/jpeg"}],"twitter_misc":{"Est. tempo de leitura":"1 minuto"},"schema":{"@context":"https:\/\/schema.org","@graph":[{"@type":"WebPage","@id":"https:\/\/www.ionturismo.com.br\/novo_site\/produto\/buraco-do-padre-e-cachoeira-da-mariquinha\/","url":"https:\/\/www.ionturismo.com.br\/novo_site\/produto\/buraco-do-padre-e-cachoeira-da-mariquinha\/","name":"Passeio Buraco do Padre e Cachoeira da Mariquinha 25\/11","isPartOf":{"@id":"https:\/\/www.ionturismo.com.br\/novo_site\/#website"},"primaryImageOfPage":{"@id":"https:\/\/www.ionturismo.com.br\/novo_site\/produto\/buraco-do-padre-e-cachoeira-da-mariquinha\/#primaryimage"},"image":{"@id":"https:\/\/www.ionturismo.com.br\/novo_site\/produto\/buraco-do-padre-e-cachoeira-da-mariquinha\/#primaryimage"},"thumbnailUrl":"https:\/\/www.ionturismo.com.br\/novo_site\/wp-content\/uploads\/2014\/04\/ionturismo_cachoeira_mariquinha21.jpg","datePublished":"2009-10-22T18:19:45+00:00","dateModified":"2018-12-12T15:26:31+00:00","description":"buraco do padre, cachoeira mariquinha","breadcrumb":{"@id":"https:\/\/www.ionturismo.com.br\/novo_site\/produto\/buraco-do-padre-e-cachoeira-da-mariquinha\/#breadcrumb"},"inLanguage":"pt-BR","potentialAction":[{"@type":"ReadAction","target":["https:\/\/www.ionturismo.com.br\/novo_site\/produto\/buraco-do-padre-e-cachoeira-da-mariquinha\/"]}]},{"@type":"ImageObject","inLanguage":"pt-BR","@id":"https:\/\/www.ionturismo.com.br\/novo_site\/produto\/buraco-do-padre-e-cachoeira-da-mariquinha\/#primaryimage","url":"https:\/\/www.ionturismo.com.br\/novo_site\/wp-content\/uploads\/2014\/04\/ionturismo_cachoeira_mariquinha21.jpg","contentUrl":"https:\/\/www.ionturismo.com.br\/novo_site\/wp-content\/uploads\/2014\/04\/ionturismo_cachoeira_mariquinha21.jpg","width":640,"height":480,"caption":"Cachoeira Mariquinha"},{"@type":"BreadcrumbList","@id":"https:\/\/www.ionturismo.com.br\/novo_site\/produto\/buraco-do-padre-e-cachoeira-da-mariquinha\/#breadcrumb","itemListElement":[{"@type":"ListItem","position":1,"name":"In\u00edcio","item":"https:\/\/www.ionturismo.com.br\/novo_site\/"},{"@type":"ListItem","position":2,"name":"Buraco do Padre e Cachoeira da Mariquinha"}]},{"@type":"WebSite","@id":"https:\/\/www.ionturismo.com.br\/novo_site\/#website","url":"https:\/\/www.ionturismo.com.br\/novo_site\/","name":"ION Turismo","description":"O que o Paran\u00e1 e Regi\u00e3o tem de Melhor.","potentialAction":[{"@type":"SearchAction","target":{"@type":"EntryPoint","urlTemplate":"https:\/\/www.ionturismo.com.br\/novo_site\/?s={search_term_string}"},"query-input":{"@type":"PropertyValueSpecification","valueRequired":true,"valueName":"search_term_string"}}],"inLanguage":"pt-BR"}]}},"_links":{"self":[{"href":"https:\/\/www.ionturismo.com.br\/novo_site\/wp-json\/wp\/v2\/product\/875","targetHints":{"allow":["GET"]}}],"collection":[{"href":"https:\/\/www.ionturismo.com.br\/novo_site\/wp-json\/wp\/v2\/product"}],"about":[{"href":"https:\/\/www.ionturismo.com.br\/novo_site\/wp-json\/wp\/v2\/types\/product"}],"replies":[{"embeddable":true,"href":"https:\/\/www.ionturismo.com.br\/novo_site\/wp-json\/wp\/v2\/comments?post=875"}],"wp:featuredmedia":[{"embeddable":true,"href":"https:\/\/www.ionturismo.com.br\/novo_site\/wp-json\/wp\/v2\/media\/153"}],"wp:attachment":[{"href":"https:\/\/www.ionturismo.com.br\/novo_site\/wp-json\/wp\/v2\/media?parent=875"}],"wp:term":[{"taxonomy":"product_brand","embeddable":true,"href":"https:\/\/www.ionturismo.com.br\/novo_site\/wp-json\/wp\/v2\/product_brand?post=875"},{"taxonomy":"product_cat","embeddable":true,"href":"https:\/\/www.ionturismo.com.br\/novo_site\/wp-json\/wp\/v2\/product_cat?post=875"},{"taxonomy":"product_tag","embeddable":true,"href":"https:\/\/www.ionturismo.com.br\/novo_site\/wp-json\/wp\/v2\/product_tag?post=875"}],"curies":[{"name":"wp","href":"https:\/\/api.w.org\/{rel}","templated":true}]}}