{"id":892,"date":"2008-12-12T10:01:24","date_gmt":"2008-12-12T13:01:24","guid":{"rendered":"http:\/\/www.ionturismo.com.br\/novo_site\/?post_type=product&#038;p=892"},"modified":"2019-05-16T13:43:17","modified_gmt":"2019-05-16T16:43:17","slug":"caverna-do-diabo-e-cachoeira-do-meu-deus-eldoradosp","status":"publish","type":"product","link":"https:\/\/www.ionturismo.com.br\/novo_site\/produto\/caverna-do-diabo-e-cachoeira-do-meu-deus-eldoradosp\/","title":{"rendered":"Caverna do Diabo e Cachoeira do Meu Deus &#8211; Eldorado\/SP"},"content":{"rendered":"<p>O Paran\u00e1 tem belos atrativos tur\u00edsticos ao seu redor e tamb\u00e9m oferecemos roteiros pr\u00f3ximos ao estado.<\/p>\n<p>Localizada no Vale do Rio Ribeira, no Parque Estadual de Jacupiranga em S\u00e3o Paulo, a Caverna do Diabo, considerada uma das mais belas do pa\u00eds, conta com magn\u00edficas forma\u00e7\u00f5es geol\u00f3gicas. H\u00e1 em seu interior diversos atrativos, com nomes como: sal\u00e3o de visitas, altar, cortinas de pedras; al\u00e9m de colunas, estalactites e estalagmites.<\/p>\n<p>Nesse roteiro iremos visitar a caverna, onde seremos conduzidos por um guia especializado. O local possui infra-estrutura para os visitantes, com escadarias, passarelas, corrim\u00e3o e ilumina\u00e7\u00e3o artificial. Ap\u00f3s a visita, iremos almo\u00e7ar no restaurante dentro do pr\u00f3prio parque. Depois do almo\u00e7o, iremos visitar uma das mais belas cachoeiras da regi\u00e3o : a Cachoeira do Meu Deus, com 83 metros de altura, sendo 53m poss\u00edveis de visualizar e onde \u00e9 poss\u00edvel banhar-se em suas \u00e1guas.<\/p>\n<p>Retorno a Curitiba.<\/p>\n<p><strong><span style=\"color: #a31416;\">Data:<\/span><\/strong>\u00a027\/01 (domingo).\u00a0Vai e volta no mesmo dia, com sa\u00edda de Curitiba.<\/p>\n<p><span style=\"color: #a31416;\"><strong>Dist\u00e2ncia:<\/strong><\/span> 253 km de Curitiba.<\/p>\n<p><span style=\"color: #a31416;\"><strong>N\u00edvel de Dificuldade<\/strong>:<\/span> Leve a Moderado<\/p>\n<p><strong><span style=\"color: #a31416;\">Inclui:<\/span><br \/>\n<\/strong>&#8211; Transporte de ida e volta em \u00f4nibus ou van;<br \/>\n&#8211; Almo\u00e7o no restaurante do parque;<br \/>\n&#8211; Ingressos Cachoeira e Caverna<br \/>\n&#8211; Guia especializado no interior da caverna e na cachoeira;<br \/>\n&#8211; Guia de Turismo durante toda a viagem;<br \/>\n&#8211; Seguro Viagem.<\/p>\n<p><span style=\"color: #a31416;\"><strong>Hor\u00e1rios:<\/strong><\/span><br \/>\nEmbarque: 06h30 com chegada prevista ao Parque Jacupiranga \u00e0s 11h00<br \/>\nRetorno: Chegada prevista a Curitiba 21:30h.<\/p>\n<p><strong><span style=\"color: #a31416;\">Investimento:<\/span><\/strong><br \/>\nR$ 235,00 \u00e0 vista via dep\u00f3sito banc\u00e1rio<br \/>\nR$ 259,00 em 3x no cart\u00e3o de cr\u00e9dito<br \/>\n<strong><em>*\u00a0Descontos para estudantes, crian\u00e7as e acima 60 anos. Consulte-nos!<\/em><\/strong><br \/>\n<em>* * Sa\u00edda garantida com m\u00ednimo de 13 participantes.<\/em>\u00a0Vagas limitadas!<\/p>\n<p><em>*Condi\u00e7\u00f5es de contrata\u00e7\u00e3o e cancelamento, visite\u00a0<a href=\"http:\/\/www.ionturismo.com.br\/novo_site\/shop\/termos-e-condicoes\/\">Condi\u00e7\u00f5es Gerais de Presta\u00e7\u00e3o de Servi\u00e7os Tur\u00edsticos<\/a><\/em><\/p>\n<p><span style=\"color: #a31416;\"><strong>Informa\u00e7\u00f5es:<\/strong><\/span><br \/>\n(41)99912-8711 (whats)<br \/>\ncontato@ionturismo.com.br<\/p>\n<p><span style=\"color: #a31416;\"><strong>Imagens:<br \/>\n<\/strong><\/span>Clique\u00a0nas imagens para v\u00ea-las maiores:<\/p>\n<div class=\"gdl-gallery-image shortcode\"><a data-rel=\"fancybox\" data-fancybox-group=\"gal0\" href=\"https:\/\/www.ionturismo.com.br\/novo_site\/wp-content\/uploads\/2018\/12\/IMG-20181212-WA0023.jpg\"  title=\"\"><img decoding=\"async\" class=\"gdl-gallery-image\" src=\"https:\/\/www.ionturismo.com.br\/novo_site\/wp-content\/uploads\/2018\/12\/IMG-20181212-WA0023-150x150.jpg\" alt=\"\" \/><\/a><\/div>\n<div class=\"gdl-gallery-image shortcode\"><a data-rel=\"fancybox\" data-fancybox-group=\"gal0\" href=\"https:\/\/www.ionturismo.com.br\/novo_site\/wp-content\/uploads\/2018\/12\/IMG-20181212-WA0022.jpg\"  title=\"\"><img decoding=\"async\" class=\"gdl-gallery-image\" src=\"https:\/\/www.ionturismo.com.br\/novo_site\/wp-content\/uploads\/2018\/12\/IMG-20181212-WA0022-150x150.jpg\" alt=\"\" \/><\/a><\/div>\n<div class=\"gdl-gallery-image shortcode\"><a data-rel=\"fancybox\" data-fancybox-group=\"gal0\" href=\"https:\/\/www.ionturismo.com.br\/novo_site\/wp-content\/uploads\/2018\/12\/IMG-20181212-WA0021.jpg\"  title=\"\"><img decoding=\"async\" class=\"gdl-gallery-image\" src=\"https:\/\/www.ionturismo.com.br\/novo_site\/wp-content\/uploads\/2018\/12\/IMG-20181212-WA0021-150x150.jpg\" alt=\"\" \/><\/a><\/div>\n<div class=\"gdl-gallery-image shortcode\"><a data-rel=\"fancybox\" data-fancybox-group=\"gal0\" href=\"https:\/\/www.ionturismo.com.br\/novo_site\/wp-content\/uploads\/2018\/12\/IMG-20181212-WA0034.jpg\"  title=\"\"><img decoding=\"async\" class=\"gdl-gallery-image\" src=\"https:\/\/www.ionturismo.com.br\/novo_site\/wp-content\/uploads\/2018\/12\/IMG-20181212-WA0034-150x150.jpg\" alt=\"\" \/><\/a><\/div>\n<div class=\"gdl-gallery-image shortcode\"><a data-rel=\"fancybox\" data-fancybox-group=\"gal0\" href=\"https:\/\/www.ionturismo.com.br\/novo_site\/wp-content\/uploads\/2018\/12\/IMG-20181212-WA0020.jpg\"  title=\"\"><img decoding=\"async\" class=\"gdl-gallery-image\" src=\"https:\/\/www.ionturismo.com.br\/novo_site\/wp-content\/uploads\/2018\/12\/IMG-20181212-WA0020-150x150.jpg\" alt=\"\" \/><\/a><\/div>\n<div class=\"gdl-gallery-image shortcode\"><a data-rel=\"fancybox\" data-fancybox-group=\"gal0\" href=\"https:\/\/www.ionturismo.com.br\/novo_site\/wp-content\/uploads\/2018\/12\/IMG-20181212-WA0018.jpg\"  title=\"\"><img decoding=\"async\" class=\"gdl-gallery-image\" src=\"https:\/\/www.ionturismo.com.br\/novo_site\/wp-content\/uploads\/2018\/12\/IMG-20181212-WA0018-150x150.jpg\" alt=\"\" \/><\/a><\/div>\n<div class=\"gdl-gallery-image shortcode\"><a data-rel=\"fancybox\" data-fancybox-group=\"gal0\" href=\"https:\/\/www.ionturismo.com.br\/novo_site\/wp-content\/uploads\/2018\/12\/IMG-20181212-WA0017.jpg\"  title=\"\"><img decoding=\"async\" class=\"gdl-gallery-image\" src=\"https:\/\/www.ionturismo.com.br\/novo_site\/wp-content\/uploads\/2018\/12\/IMG-20181212-WA0017-150x150.jpg\" alt=\"\" \/><\/a><\/div>\n<div class=\"gdl-gallery-image shortcode\"><a data-rel=\"fancybox\" data-fancybox-group=\"gal0\" href=\"https:\/\/www.ionturismo.com.br\/novo_site\/wp-content\/uploads\/2018\/12\/IMG-20181212-WA0033.jpg\"  title=\"\"><img decoding=\"async\" class=\"gdl-gallery-image\" src=\"https:\/\/www.ionturismo.com.br\/novo_site\/wp-content\/uploads\/2018\/12\/IMG-20181212-WA0033-150x150.jpg\" alt=\"\" \/><\/a><\/div>\n<div class=\"gdl-gallery-image shortcode\"><a data-rel=\"fancybox\" data-fancybox-group=\"gal0\" href=\"https:\/\/www.ionturismo.com.br\/novo_site\/wp-content\/uploads\/2018\/12\/IMG-20181212-WA0016.jpg\"  title=\"\"><img decoding=\"async\" class=\"gdl-gallery-image\" src=\"https:\/\/www.ionturismo.com.br\/novo_site\/wp-content\/uploads\/2018\/12\/IMG-20181212-WA0016-150x150.jpg\" alt=\"\" \/><\/a><\/div>\n<div class=\"gdl-gallery-image shortcode\"><a data-rel=\"fancybox\" data-fancybox-group=\"gal0\" href=\"https:\/\/www.ionturismo.com.br\/novo_site\/wp-content\/uploads\/2018\/12\/IMG-20181212-WA0031.jpg\"  title=\"\"><img decoding=\"async\" class=\"gdl-gallery-image\" src=\"https:\/\/www.ionturismo.com.br\/novo_site\/wp-content\/uploads\/2018\/12\/IMG-20181212-WA0031-150x150.jpg\" alt=\"\" \/><\/a><\/div>\n<div class=\"gdl-gallery-image shortcode\"><a data-rel=\"fancybox\" data-fancybox-group=\"gal0\" href=\"https:\/\/www.ionturismo.com.br\/novo_site\/wp-content\/uploads\/2018\/12\/IMG-20181212-WA0015.jpg\"  title=\"\"><img decoding=\"async\" class=\"gdl-gallery-image\" src=\"https:\/\/www.ionturismo.com.br\/novo_site\/wp-content\/uploads\/2018\/12\/IMG-20181212-WA0015-150x150.jpg\" alt=\"\" \/><\/a><\/div>\n<div class=\"gdl-gallery-image shortcode\"><a data-rel=\"fancybox\" data-fancybox-group=\"gal0\" href=\"https:\/\/www.ionturismo.com.br\/novo_site\/wp-content\/uploads\/2018\/12\/IMG-20181212-WA0014.jpg\"  title=\"\"><img decoding=\"async\" class=\"gdl-gallery-image\" src=\"https:\/\/www.ionturismo.com.br\/novo_site\/wp-content\/uploads\/2018\/12\/IMG-20181212-WA0014-150x150.jpg\" alt=\"\" \/><\/a><\/div>\n<div class=\"gdl-gallery-image shortcode\"><a data-rel=\"fancybox\" data-fancybox-group=\"gal0\" href=\"https:\/\/www.ionturismo.com.br\/novo_site\/wp-content\/uploads\/2018\/12\/IMG-20181212-WA0012.jpg\"  title=\"\"><img decoding=\"async\" class=\"gdl-gallery-image\" src=\"https:\/\/www.ionturismo.com.br\/novo_site\/wp-content\/uploads\/2018\/12\/IMG-20181212-WA0012-150x150.jpg\" alt=\"\" \/><\/a><\/div>\n<div class=\"gdl-gallery-image shortcode\"><a data-rel=\"fancybox\" data-fancybox-group=\"gal0\" href=\"https:\/\/www.ionturismo.com.br\/novo_site\/wp-content\/uploads\/2018\/12\/IMG-20181212-WA0013.jpg\"  title=\"\"><img decoding=\"async\" class=\"gdl-gallery-image\" src=\"https:\/\/www.ionturismo.com.br\/novo_site\/wp-content\/uploads\/2018\/12\/IMG-20181212-WA0013-150x150.jpg\" alt=\"\" \/><\/a><\/div>\n<div class=\"gdl-gallery-image shortcode\"><a data-rel=\"fancybox\" data-fancybox-group=\"gal0\" href=\"https:\/\/www.ionturismo.com.br\/novo_site\/wp-content\/uploads\/2018\/12\/IMG-20181212-WA0010.jpg\"  title=\"\"><img decoding=\"async\" class=\"gdl-gallery-image\" src=\"https:\/\/www.ionturismo.com.br\/novo_site\/wp-content\/uploads\/2018\/12\/IMG-20181212-WA0010-150x150.jpg\" alt=\"\" \/><\/a><\/div>\n<div class=\"clear\"><\/div>\n<p>&nbsp;<\/p>\n<p style=\"text-align: center;\"><em>\u201cViaje Legal\u201d \u2013 CADASTUR: 31.620.399.0001.37 \u2013 ION Turismo Ltda<\/em><\/p>\n","protected":false},"excerpt":{"rendered":"<p>O Paran\u00e1 tem belos atrativos tur\u00edsticos ao seu redor e tamb\u00e9m oferecemos roteiros pr\u00f3ximos ao estado. Localizada no Vale do Rio Ribeira, no Parque Estadual de Jacupiranga em S\u00e3o Paulo, a Caverna do Diabo, considerada uma das mais belas do pa\u00eds, conta com magn\u00edficas forma\u00e7\u00f5es geol\u00f3gicas. H\u00e1 em seu interior diversos atrativos, com nomes como: sal\u00e3o de visitas, altar, cortinas de pedras; al\u00e9m de colunas, estalactites e estalagmites. Nesse roteiro iremos visitar a caverna, onde seremos conduzidos por um guia especializado. O local possui infra-estrutura para os visitantes, com escadarias, passarelas, corrim\u00e3o e ilumina\u00e7\u00e3o artificial. Ap\u00f3s a visita, iremos almo\u00e7ar no restaurante dentro do pr\u00f3prio parque. Depois do almo\u00e7o, iremos visitar uma das mais belas cachoeiras da regi\u00e3o : a Cachoeira do Meu Deus, com 83 metros de altura, sendo 53m poss\u00edveis de visualizar e onde \u00e9 poss\u00edvel banhar-se em suas \u00e1guas. Retorno a Curitiba. Data:\u00a027\/01 (domingo).\u00a0Vai e volta no mesmo dia, com sa\u00edda de Curitiba. Dist\u00e2ncia: 253 km de Curitiba. N\u00edvel de Dificuldade: Leve a Moderado Inclui: &#8211; Transporte de ida e volta em \u00f4nibus ou van; &#8211; Almo\u00e7o no restaurante do parque; &#8211; Ingressos Cachoeira e Caverna &#8211; Guia especializado no interior da caverna e na cachoeira; &#8211; Guia de Turismo durante toda a viagem; &#8211; Seguro Viagem. Hor\u00e1rios: Embarque: 06h30 com chegada prevista ao Parque Jacupiranga \u00e0s 11h00 Retorno: Chegada prevista a Curitiba 21:30h. Investimento: R$ 235,00 \u00e0 vista via dep\u00f3sito banc\u00e1rio R$ 259,00 em 3x no cart\u00e3o de cr\u00e9dito *\u00a0Descontos para estudantes, crian\u00e7as e acima 60 anos. Consulte-nos! * * Sa\u00edda garantida com m\u00ednimo de 13 participantes.\u00a0Vagas limitadas! *Condi\u00e7\u00f5es de contrata\u00e7\u00e3o e cancelamento, visite\u00a0Condi\u00e7\u00f5es Gerais de Presta\u00e7\u00e3o de Servi\u00e7os Tur\u00edsticos Informa\u00e7\u00f5es: (41)99912-8711 (whats) contato@ionturismo.com.br Imagens: Clique\u00a0nas imagens para v\u00ea-las maiores: &nbsp; \u201cViaje Legal\u201d \u2013 CADASTUR: 31.620.399.0001.37 \u2013 ION Turismo Ltda<\/p>\n","protected":false},"featured_media":920,"comment_status":"open","ping_status":"closed","template":"","meta":{"ngg_post_thumbnail":0},"product_brand":[],"product_cat":[66],"product_tag":[],"class_list":{"0":"post-892","1":"product","2":"type-product","3":"status-publish","4":"has-post-thumbnail","6":"product_cat-sem-categoria","8":"first","9":"instock","10":"shipping-taxable","11":"product-type-simple"},"yoast_head":"<!-- This site is optimized with the Yoast SEO plugin v27.2 - https:\/\/yoast.com\/product\/yoast-seo-wordpress\/ -->\n<title>Caverna do Diabo e Cachoeira do Meu Deus - Eldorado\/SP - ION Turismo<\/title>\n<meta name=\"description\" content=\"Caverna do Diabo, cachoeira, Jacupiranga, eldorado, meu deus, almo\u00e7o, trilha, viagem, turismo, passeio,\" \/>\n<meta name=\"robots\" content=\"index, follow, max-snippet:-1, max-image-preview:large, max-video-preview:-1\" \/>\n<link rel=\"canonical\" href=\"https:\/\/www.ionturismo.com.br\/novo_site\/produto\/caverna-do-diabo-e-cachoeira-do-meu-deus-eldoradosp\/\" \/>\n<meta property=\"og:locale\" content=\"pt_BR\" \/>\n<meta property=\"og:type\" content=\"article\" \/>\n<meta property=\"og:title\" content=\"Caverna do Diabo e Cachoeira do Meu Deus - Eldorado\/SP - ION Turismo\" \/>\n<meta property=\"og:description\" content=\"Caverna do Diabo, cachoeira, Jacupiranga, eldorado, meu deus, almo\u00e7o, trilha, viagem, turismo, passeio,\" \/>\n<meta property=\"og:url\" content=\"https:\/\/www.ionturismo.com.br\/novo_site\/produto\/caverna-do-diabo-e-cachoeira-do-meu-deus-eldoradosp\/\" \/>\n<meta property=\"og:site_name\" content=\"ION Turismo\" \/>\n<meta property=\"article:modified_time\" content=\"2019-05-16T16:43:17+00:00\" \/>\n<meta property=\"og:image\" content=\"https:\/\/www.ionturismo.com.br\/novo_site\/wp-content\/uploads\/2018\/12\/IMG_20181212_131542.jpg\" \/>\n\t<meta property=\"og:image:width\" content=\"1564\" \/>\n\t<meta property=\"og:image:height\" content=\"1564\" \/>\n\t<meta property=\"og:image:type\" content=\"image\/jpeg\" \/>\n<meta name=\"twitter:label1\" content=\"Est. tempo de leitura\" \/>\n\t<meta name=\"twitter:data1\" content=\"2 minutos\" \/>\n<script type=\"application\/ld+json\" class=\"yoast-schema-graph\">{\"@context\":\"https:\/\/schema.org\",\"@graph\":[{\"@type\":\"WebPage\",\"@id\":\"https:\/\/www.ionturismo.com.br\/novo_site\/produto\/caverna-do-diabo-e-cachoeira-do-meu-deus-eldoradosp\/\",\"url\":\"https:\/\/www.ionturismo.com.br\/novo_site\/produto\/caverna-do-diabo-e-cachoeira-do-meu-deus-eldoradosp\/\",\"name\":\"Caverna do Diabo e Cachoeira do Meu Deus - Eldorado\/SP - ION Turismo\",\"isPartOf\":{\"@id\":\"https:\/\/www.ionturismo.com.br\/novo_site\/#website\"},\"primaryImageOfPage\":{\"@id\":\"https:\/\/www.ionturismo.com.br\/novo_site\/produto\/caverna-do-diabo-e-cachoeira-do-meu-deus-eldoradosp\/#primaryimage\"},\"image\":{\"@id\":\"https:\/\/www.ionturismo.com.br\/novo_site\/produto\/caverna-do-diabo-e-cachoeira-do-meu-deus-eldoradosp\/#primaryimage\"},\"thumbnailUrl\":\"https:\/\/www.ionturismo.com.br\/novo_site\/wp-content\/uploads\/2018\/12\/IMG_20181212_131542.jpg\",\"datePublished\":\"2008-12-12T13:01:24+00:00\",\"dateModified\":\"2019-05-16T16:43:17+00:00\",\"description\":\"Caverna do Diabo, cachoeira, Jacupiranga, eldorado, meu deus, almo\u00e7o, trilha, viagem, turismo, passeio,\",\"breadcrumb\":{\"@id\":\"https:\/\/www.ionturismo.com.br\/novo_site\/produto\/caverna-do-diabo-e-cachoeira-do-meu-deus-eldoradosp\/#breadcrumb\"},\"inLanguage\":\"pt-BR\",\"potentialAction\":[{\"@type\":\"ReadAction\",\"target\":[\"https:\/\/www.ionturismo.com.br\/novo_site\/produto\/caverna-do-diabo-e-cachoeira-do-meu-deus-eldoradosp\/\"]}]},{\"@type\":\"ImageObject\",\"inLanguage\":\"pt-BR\",\"@id\":\"https:\/\/www.ionturismo.com.br\/novo_site\/produto\/caverna-do-diabo-e-cachoeira-do-meu-deus-eldoradosp\/#primaryimage\",\"url\":\"https:\/\/www.ionturismo.com.br\/novo_site\/wp-content\/uploads\/2018\/12\/IMG_20181212_131542.jpg\",\"contentUrl\":\"https:\/\/www.ionturismo.com.br\/novo_site\/wp-content\/uploads\/2018\/12\/IMG_20181212_131542.jpg\",\"width\":1564,\"height\":1564},{\"@type\":\"BreadcrumbList\",\"@id\":\"https:\/\/www.ionturismo.com.br\/novo_site\/produto\/caverna-do-diabo-e-cachoeira-do-meu-deus-eldoradosp\/#breadcrumb\",\"itemListElement\":[{\"@type\":\"ListItem\",\"position\":1,\"name\":\"In\u00edcio\",\"item\":\"https:\/\/www.ionturismo.com.br\/novo_site\/\"},{\"@type\":\"ListItem\",\"position\":2,\"name\":\"Caverna do Diabo e Cachoeira do Meu Deus &#8211; Eldorado\/SP\"}]},{\"@type\":\"WebSite\",\"@id\":\"https:\/\/www.ionturismo.com.br\/novo_site\/#website\",\"url\":\"https:\/\/www.ionturismo.com.br\/novo_site\/\",\"name\":\"ION Turismo\",\"description\":\"O que o Paran\u00e1 e Regi\u00e3o tem de Melhor.\",\"potentialAction\":[{\"@type\":\"SearchAction\",\"target\":{\"@type\":\"EntryPoint\",\"urlTemplate\":\"https:\/\/www.ionturismo.com.br\/novo_site\/?s={search_term_string}\"},\"query-input\":{\"@type\":\"PropertyValueSpecification\",\"valueRequired\":true,\"valueName\":\"search_term_string\"}}],\"inLanguage\":\"pt-BR\"}]}<\/script>\n<!-- \/ Yoast SEO plugin. -->","yoast_head_json":{"title":"Caverna do Diabo e Cachoeira do Meu Deus - Eldorado\/SP - ION Turismo","description":"Caverna do Diabo, cachoeira, Jacupiranga, eldorado, meu deus, almo\u00e7o, trilha, viagem, turismo, passeio,","robots":{"index":"index","follow":"follow","max-snippet":"max-snippet:-1","max-image-preview":"max-image-preview:large","max-video-preview":"max-video-preview:-1"},"canonical":"https:\/\/www.ionturismo.com.br\/novo_site\/produto\/caverna-do-diabo-e-cachoeira-do-meu-deus-eldoradosp\/","og_locale":"pt_BR","og_type":"article","og_title":"Caverna do Diabo e Cachoeira do Meu Deus - Eldorado\/SP - ION Turismo","og_description":"Caverna do Diabo, cachoeira, Jacupiranga, eldorado, meu deus, almo\u00e7o, trilha, viagem, turismo, passeio,","og_url":"https:\/\/www.ionturismo.com.br\/novo_site\/produto\/caverna-do-diabo-e-cachoeira-do-meu-deus-eldoradosp\/","og_site_name":"ION Turismo","article_modified_time":"2019-05-16T16:43:17+00:00","og_image":[{"width":1564,"height":1564,"url":"https:\/\/www.ionturismo.com.br\/novo_site\/wp-content\/uploads\/2018\/12\/IMG_20181212_131542.jpg","type":"image\/jpeg"}],"twitter_misc":{"Est. tempo de leitura":"2 minutos"},"schema":{"@context":"https:\/\/schema.org","@graph":[{"@type":"WebPage","@id":"https:\/\/www.ionturismo.com.br\/novo_site\/produto\/caverna-do-diabo-e-cachoeira-do-meu-deus-eldoradosp\/","url":"https:\/\/www.ionturismo.com.br\/novo_site\/produto\/caverna-do-diabo-e-cachoeira-do-meu-deus-eldoradosp\/","name":"Caverna do Diabo e Cachoeira do Meu Deus - Eldorado\/SP - ION Turismo","isPartOf":{"@id":"https:\/\/www.ionturismo.com.br\/novo_site\/#website"},"primaryImageOfPage":{"@id":"https:\/\/www.ionturismo.com.br\/novo_site\/produto\/caverna-do-diabo-e-cachoeira-do-meu-deus-eldoradosp\/#primaryimage"},"image":{"@id":"https:\/\/www.ionturismo.com.br\/novo_site\/produto\/caverna-do-diabo-e-cachoeira-do-meu-deus-eldoradosp\/#primaryimage"},"thumbnailUrl":"https:\/\/www.ionturismo.com.br\/novo_site\/wp-content\/uploads\/2018\/12\/IMG_20181212_131542.jpg","datePublished":"2008-12-12T13:01:24+00:00","dateModified":"2019-05-16T16:43:17+00:00","description":"Caverna do Diabo, cachoeira, Jacupiranga, eldorado, meu deus, almo\u00e7o, trilha, viagem, turismo, passeio,","breadcrumb":{"@id":"https:\/\/www.ionturismo.com.br\/novo_site\/produto\/caverna-do-diabo-e-cachoeira-do-meu-deus-eldoradosp\/#breadcrumb"},"inLanguage":"pt-BR","potentialAction":[{"@type":"ReadAction","target":["https:\/\/www.ionturismo.com.br\/novo_site\/produto\/caverna-do-diabo-e-cachoeira-do-meu-deus-eldoradosp\/"]}]},{"@type":"ImageObject","inLanguage":"pt-BR","@id":"https:\/\/www.ionturismo.com.br\/novo_site\/produto\/caverna-do-diabo-e-cachoeira-do-meu-deus-eldoradosp\/#primaryimage","url":"https:\/\/www.ionturismo.com.br\/novo_site\/wp-content\/uploads\/2018\/12\/IMG_20181212_131542.jpg","contentUrl":"https:\/\/www.ionturismo.com.br\/novo_site\/wp-content\/uploads\/2018\/12\/IMG_20181212_131542.jpg","width":1564,"height":1564},{"@type":"BreadcrumbList","@id":"https:\/\/www.ionturismo.com.br\/novo_site\/produto\/caverna-do-diabo-e-cachoeira-do-meu-deus-eldoradosp\/#breadcrumb","itemListElement":[{"@type":"ListItem","position":1,"name":"In\u00edcio","item":"https:\/\/www.ionturismo.com.br\/novo_site\/"},{"@type":"ListItem","position":2,"name":"Caverna do Diabo e Cachoeira do Meu Deus &#8211; Eldorado\/SP"}]},{"@type":"WebSite","@id":"https:\/\/www.ionturismo.com.br\/novo_site\/#website","url":"https:\/\/www.ionturismo.com.br\/novo_site\/","name":"ION Turismo","description":"O que o Paran\u00e1 e Regi\u00e3o tem de Melhor.","potentialAction":[{"@type":"SearchAction","target":{"@type":"EntryPoint","urlTemplate":"https:\/\/www.ionturismo.com.br\/novo_site\/?s={search_term_string}"},"query-input":{"@type":"PropertyValueSpecification","valueRequired":true,"valueName":"search_term_string"}}],"inLanguage":"pt-BR"}]}},"_links":{"self":[{"href":"https:\/\/www.ionturismo.com.br\/novo_site\/wp-json\/wp\/v2\/product\/892","targetHints":{"allow":["GET"]}}],"collection":[{"href":"https:\/\/www.ionturismo.com.br\/novo_site\/wp-json\/wp\/v2\/product"}],"about":[{"href":"https:\/\/www.ionturismo.com.br\/novo_site\/wp-json\/wp\/v2\/types\/product"}],"replies":[{"embeddable":true,"href":"https:\/\/www.ionturismo.com.br\/novo_site\/wp-json\/wp\/v2\/comments?post=892"}],"wp:featuredmedia":[{"embeddable":true,"href":"https:\/\/www.ionturismo.com.br\/novo_site\/wp-json\/wp\/v2\/media\/920"}],"wp:attachment":[{"href":"https:\/\/www.ionturismo.com.br\/novo_site\/wp-json\/wp\/v2\/media?parent=892"}],"wp:term":[{"taxonomy":"product_brand","embeddable":true,"href":"https:\/\/www.ionturismo.com.br\/novo_site\/wp-json\/wp\/v2\/product_brand?post=892"},{"taxonomy":"product_cat","embeddable":true,"href":"https:\/\/www.ionturismo.com.br\/novo_site\/wp-json\/wp\/v2\/product_cat?post=892"},{"taxonomy":"product_tag","embeddable":true,"href":"https:\/\/www.ionturismo.com.br\/novo_site\/wp-json\/wp\/v2\/product_tag?post=892"}],"curies":[{"name":"wp","href":"https:\/\/api.w.org\/{rel}","templated":true}]}}